{"id":5678,"date":"2018-06-04T17:49:25","date_gmt":"2018-06-04T15:49:25","guid":{"rendered":"http:\/\/jubainthemaking.com\/new\/?page_id=5678"},"modified":"2018-09-30T13:39:10","modified_gmt":"2018-09-30T11:39:10","slug":"university-of-juba","status":"publish","type":"page","link":"https:\/\/jubainthemaking.com\/it\/university-of-juba\/","title":{"rendered":"University Of Juba"},"content":{"rendered":"<p>Fondata nel 1975, l&#8217;Universit\u00e0 di Juba \u00e8 stata inaugurata nel 1977 con cinque facolt\u00e0. La sua istituzione fu festeggiata in tutto il Sud Sudan, una regione che fino ad allora non aveva un solo istituto di istruzione superiore. Ma nel 1989, in seguito alla ripresa della guerra civile ripresa nel 1983, l&#8217;Universit\u00e0 di Juba fu trasferita a Khartoum, dove trascorse 22 anni in esilio. Solo quando il Sud Sudan divenne un Paese indipendente nel 2011, l&#8217;universit\u00e0 fu completamente rimpatriata a Juba. Oggi il complesso, che \u00e8 composto da 12 facolt\u00e0 e 5 scuole e ospita una popolazione studentesca di circa 10.000 giovani, \u00e8 la principale universit\u00e0 del Sud Sudan. Gli studenti, i docenti e l&#8217;Universit\u00e0 di Juba nel loro insieme devono affrontare quotidianamente una serie di sfide a causa della guerra civile e della crisi economica.<\/p>\n<p>&nbsp;<\/p>\n<p>Un articolo di Florence Miettaux su come l&#8217;Universit\u00e0 di Juba affronta la crisi \u00e8 stata pubblicato su Le Monde Afrique. Puoi leggerlo <span style=\"color: #ffcc00;\"><a style=\"color: #ffcc00;\" href=\"https:\/\/www.lemonde.fr\/afrique\/article\/2018\/01\/29\/l-universite-de-juba-une-ecole-de-la-survie-au-soudan-du-sud_5248835_3212.html\" target=\"_blank\" rel=\"noopener\">qui<\/a><\/span>.<\/p>\n<div class=\"us_pages_bottom\" style=\"margin-top:50px;margin-bottom:50px;\"><div class=\"us_wrapper us_share_buttons us_tac us_skin_minimal\" data-text=\"Juba in the Making\" data-url=\"http:\/\/jubainthemaking.com\/it\/wp-json\/wp\/v2\/pages\/5678\" data-ajaxnetworks=\"facebook,linkedin\"><div class=\"us_facebook us_first us_button\"><a class=\"us_box\" href=\"#\"><div class=\"us_share\"><i class=\"us-icon-facebook\"><\/i><\/div><div class=\"us_count\"><\/div><\/a><\/div><div class=\"us_twitter us_no_count us_button\"><a class=\"us_box\" href=\"#\"><div class=\"us_share\"><i class=\"us-icon-twitter\"><\/i><\/div><\/a><\/div><div class=\"us_linkedin us_last us_button\"><a class=\"us_box\" href=\"#\"><div class=\"us_share\"><i class=\"us-icon-linkedin\"><\/i><\/div><div class=\"us_count\"><\/div><\/a><\/div><\/div><\/div>","protected":false},"excerpt":{"rendered":"<p>Fondata nel 1975, l&#8217;Universit\u00e0 di Juba \u00e8 stata inaugurata nel 1977 con cinque facolt\u00e0. La sua istituzione fu festeggiata in tutto il Sud Sudan, una regione che fino ad allora non aveva un solo istituto di istruzione superiore. Ma nel 1989, in seguito alla ripresa della guerra civile ripresa nel 1983, l&#8217;Universit\u00e0 di Juba fu &hellip; <a href=\"https:\/\/jubainthemaking.com\/it\/university-of-juba\/\">Continua<\/a><\/p>\n","protected":false},"author":5,"featured_media":4568,"parent":0,"menu_order":0,"comment_status":"closed","ping_status":"closed","template":"template-landing-station.php","meta":{"_links_to":"","_links_to_target":""},"_links":{"self":[{"href":"https:\/\/jubainthemaking.com\/it\/wp-json\/wp\/v2\/pages\/5678\/"}],"collection":[{"href":"https:\/\/jubainthemaking.com\/it\/wp-json\/wp\/v2\/pages\/"}],"about":[{"href":"https:\/\/jubainthemaking.com\/it\/wp-json\/wp\/v2\/types\/page\/"}],"author":[{"embeddable":true,"href":"https:\/\/jubainthemaking.com\/it\/wp-json\/wp\/v2\/users\/5\/"}],"replies":[{"embeddable":true,"href":"https:\/\/jubainthemaking.com\/it\/wp-json\/wp\/v2\/comments\/?post=5678"}],"version-history":[{"count":5,"href":"https:\/\/jubainthemaking.com\/it\/wp-json\/wp\/v2\/pages\/5678\/revisions\/"}],"predecessor-version":[{"id":6063,"href":"https:\/\/jubainthemaking.com\/it\/wp-json\/wp\/v2\/pages\/5678\/revisions\/6063\/"}],"wp:featuredmedia":[{"embeddable":true,"href":"https:\/\/jubainthemaking.com\/it\/wp-json\/wp\/v2\/media\/4568\/"}],"wp:attachment":[{"href":"https:\/\/jubainthemaking.com\/it\/wp-json\/wp\/v2\/media\/?parent=5678"}],"curies":[{"name":"wp","href":"https:\/\/api.w.org\/{rel}","templated":true}]}}