{"id":5657,"date":"2018-06-04T17:49:56","date_gmt":"2018-06-04T15:49:56","guid":{"rendered":"http:\/\/jubainthemaking.com\/new\/?page_id=5657"},"modified":"2018-09-30T13:32:49","modified_gmt":"2018-09-30T11:32:49","slug":"munuki","status":"publish","type":"page","link":"https:\/\/jubainthemaking.com\/it\/munuki\/","title":{"rendered":"Munuki"},"content":{"rendered":"<p>Munuki significa &#8220;il serpente si \u00e8 alzato&#8221; in lingua Bari. L&#8217;area era ancora incolta e selvaggia al termine della Prima guerra civile sudanese nel 1972. La pace stimol\u00f2 l&#8217;afflusso di nuovi arrivi a Juba, cos\u00ec al distretto di Munuki fu chiesto di accoglierlo alla fine degli anni Settanta.<\/p>\n<p>&nbsp;<\/p>\n<p>Oggi \u00e8 una zona prevalentemente residenziale, con strade e isolati larghi e ben delimitati, e un grande mercato chiamato Souk Lybia. \u00c8 in questa strana posizione \u2013 nel mercato \u2013 che gli Archivi Nazionali del Sud Sudan hanno trovato una sistemazione temporanea, in una casa affittata dal Ministero della Cultura, della Giovent\u00f9 e dello Sport, fino a quando non potranno avere un edificio dedicato.<\/p>\n<p>&nbsp;<\/p>\n<p>La zona di Munuki \u00e8 spesso scossa dal rumore di spari nella notte, poich\u00e9 si verificano regolarmente rapine a mano armata.<\/p>\n<div class=\"us_pages_bottom\" style=\"margin-top:50px;margin-bottom:50px;\"><div class=\"us_wrapper us_share_buttons us_tac us_skin_minimal\" data-text=\"Juba in the Making\" data-url=\"http:\/\/jubainthemaking.com\/it\/wp-json\/wp\/v2\/pages\/5657\" data-ajaxnetworks=\"facebook,linkedin\"><div class=\"us_facebook us_first us_button\"><a class=\"us_box\" href=\"#\"><div class=\"us_share\"><i class=\"us-icon-facebook\"><\/i><\/div><div class=\"us_count\"><\/div><\/a><\/div><div class=\"us_twitter us_no_count us_button\"><a class=\"us_box\" href=\"#\"><div class=\"us_share\"><i class=\"us-icon-twitter\"><\/i><\/div><\/a><\/div><div class=\"us_linkedin us_last us_button\"><a class=\"us_box\" href=\"#\"><div class=\"us_share\"><i class=\"us-icon-linkedin\"><\/i><\/div><div class=\"us_count\"><\/div><\/a><\/div><\/div><\/div>","protected":false},"excerpt":{"rendered":"<p>Munuki significa &#8220;il serpente si \u00e8 alzato&#8221; in lingua Bari. L&#8217;area era ancora incolta e selvaggia al termine della Prima guerra civile sudanese nel 1972. La pace stimol\u00f2 l&#8217;afflusso di nuovi arrivi a Juba, cos\u00ec al distretto di Munuki fu chiesto di accoglierlo alla fine degli anni Settanta. &nbsp; Oggi \u00e8 una zona prevalentemente residenziale, &hellip; <a href=\"https:\/\/jubainthemaking.com\/it\/munuki\/\">Continua<\/a><\/p>\n","protected":false},"author":5,"featured_media":4600,"parent":0,"menu_order":0,"comment_status":"closed","ping_status":"closed","template":"template-landing-station.php","meta":{"_links_to":"","_links_to_target":""},"_links":{"self":[{"href":"https:\/\/jubainthemaking.com\/it\/wp-json\/wp\/v2\/pages\/5657\/"}],"collection":[{"href":"https:\/\/jubainthemaking.com\/it\/wp-json\/wp\/v2\/pages\/"}],"about":[{"href":"https:\/\/jubainthemaking.com\/it\/wp-json\/wp\/v2\/types\/page\/"}],"author":[{"embeddable":true,"href":"https:\/\/jubainthemaking.com\/it\/wp-json\/wp\/v2\/users\/5\/"}],"replies":[{"embeddable":true,"href":"https:\/\/jubainthemaking.com\/it\/wp-json\/wp\/v2\/comments\/?post=5657"}],"version-history":[{"count":4,"href":"https:\/\/jubainthemaking.com\/it\/wp-json\/wp\/v2\/pages\/5657\/revisions\/"}],"predecessor-version":[{"id":6047,"href":"https:\/\/jubainthemaking.com\/it\/wp-json\/wp\/v2\/pages\/5657\/revisions\/6047\/"}],"wp:featuredmedia":[{"embeddable":true,"href":"https:\/\/jubainthemaking.com\/it\/wp-json\/wp\/v2\/media\/4600\/"}],"wp:attachment":[{"href":"https:\/\/jubainthemaking.com\/it\/wp-json\/wp\/v2\/media\/?parent=5657"}],"curies":[{"name":"wp","href":"https:\/\/api.w.org\/{rel}","templated":true}]}}