{"id":5648,"date":"2018-06-18T15:20:01","date_gmt":"2018-06-18T13:20:01","guid":{"rendered":"http:\/\/jubainthemaking.com\/new\/?page_id=5648"},"modified":"2018-09-30T13:30:53","modified_gmt":"2018-09-30T11:30:53","slug":"konyo-konyo-market","status":"publish","type":"page","link":"https:\/\/jubainthemaking.com\/it\/konyo-konyo-market\/","title":{"rendered":"Konyo Konyo Market"},"content":{"rendered":"<p>Konyo Konyo significa &#8220;congestionato&#8221; o &#8220;mescolanza&#8221; in arabo di Juba. \u00c8 il principale mercato di Juba, dove migliaia di residenti acquistano quotidianamente generi alimentari, vestiti, utensili da cucina e molti altri oggetti in un&#8217;atmosfera rumorosa e inquieta. A eccezione della zona del mercato dedicata a frutta e verdura, Konyo Konyo si spegne all&#8217;improvviso ogni giorno alle 17:00, quando i mercanti riordinano le loro bancarelle e chiudono le porte dei loro negozi. Inizialmente non era cos\u00ec, ma gli incidenti del luglio 2016, quando si verificarono combattimenti e saccheggi in gran parte della capitale, port\u00f2 a un cambiamento nelle abitudini.<\/p>\n<p>&nbsp;<\/p>\n<p>Prima dell&#8217;arrivo di molti nuovi residenti a Juba negli anni Settanta, Konyo Konyo si chiamava Bur Lo Tome, un&#8217;espressione in lingua Bari che significa &#8220;lo stomaco dell&#8217;elefante&#8221;.<\/p>\n<p>&nbsp;<\/p>\n<p>Ancora oggi, il mercato di Konyo Konyo \u00e8 il luogo che alimenta la citt\u00e0, con andamento dei prezzi alto e fluttuante. La maggior parte degli articoli \u00e8 importata dall&#8217;estero e i commercianti danno la colpa alla debolezza della valuta locale per rispondere alle accuse di sovrapprezzo. Sul mercato sono disponibili <span style=\"color: #ffcc00;\"><a style=\"color: #ffcc00;\" href=\"http:\/\/jubainthemaking.com\/it\/hai-gabat\/\">prodotti agricoli locali<\/a><\/span>, ma la maggior parte della frutta e della verdura fresca \u00e8 importata dall&#8217;Uganda via terra. Il forte calo della sterlina sudsudanese dopo la svalutazione del 2015 ha fatto salire alle stelle i prezzi locali. Il tasso di inflazione ha raggiunto il 334% in un periodo di due anni nel maggio 2017.<\/p>\n<p>&nbsp;<\/p>\n<p>Una mattina del novembre 2017, \u00e8 comparsa una mostra degli <span style=\"color: #ffcc00;\"><a style=\"color: #ffcc00;\" href=\"http:\/\/jubainthemaking.com\/it\/munuki\/\">Archivi Nazionali del Sud Sudan<\/a><\/span>, distraendo i frequentatori del mercato dai loro problemi quotidiani e presentando loro un patrimonio sconosciuto di documenti storici, frammenti della storia del Sud Sudan, della loro storia.<\/p>\n<div class=\"us_pages_bottom\" style=\"margin-top:50px;margin-bottom:50px;\"><div class=\"us_wrapper us_share_buttons us_tac us_skin_minimal\" data-text=\"Juba in the Making\" data-url=\"http:\/\/jubainthemaking.com\/it\/wp-json\/wp\/v2\/pages\/5648\" data-ajaxnetworks=\"facebook,linkedin\"><div class=\"us_facebook us_first us_button\"><a class=\"us_box\" href=\"#\"><div class=\"us_share\"><i class=\"us-icon-facebook\"><\/i><\/div><div class=\"us_count\"><\/div><\/a><\/div><div class=\"us_twitter us_no_count us_button\"><a class=\"us_box\" href=\"#\"><div class=\"us_share\"><i class=\"us-icon-twitter\"><\/i><\/div><\/a><\/div><div class=\"us_linkedin us_last us_button\"><a class=\"us_box\" href=\"#\"><div class=\"us_share\"><i class=\"us-icon-linkedin\"><\/i><\/div><div class=\"us_count\"><\/div><\/a><\/div><\/div><\/div>","protected":false},"excerpt":{"rendered":"<p>Konyo Konyo significa &#8220;congestionato&#8221; o &#8220;mescolanza&#8221; in arabo di Juba. \u00c8 il principale mercato di Juba, dove migliaia di residenti acquistano quotidianamente generi alimentari, vestiti, utensili da cucina e molti altri oggetti in un&#8217;atmosfera rumorosa e inquieta. A eccezione della zona del mercato dedicata a frutta e verdura, Konyo Konyo si spegne all&#8217;improvviso ogni giorno &hellip; <a href=\"https:\/\/jubainthemaking.com\/it\/konyo-konyo-market\/\">Continua<\/a><\/p>\n","protected":false},"author":5,"featured_media":4676,"parent":0,"menu_order":0,"comment_status":"closed","ping_status":"closed","template":"template-landing-station.php","meta":{"_links_to":"","_links_to_target":""},"_links":{"self":[{"href":"https:\/\/jubainthemaking.com\/it\/wp-json\/wp\/v2\/pages\/5648\/"}],"collection":[{"href":"https:\/\/jubainthemaking.com\/it\/wp-json\/wp\/v2\/pages\/"}],"about":[{"href":"https:\/\/jubainthemaking.com\/it\/wp-json\/wp\/v2\/types\/page\/"}],"author":[{"embeddable":true,"href":"https:\/\/jubainthemaking.com\/it\/wp-json\/wp\/v2\/users\/5\/"}],"replies":[{"embeddable":true,"href":"https:\/\/jubainthemaking.com\/it\/wp-json\/wp\/v2\/comments\/?post=5648"}],"version-history":[{"count":5,"href":"https:\/\/jubainthemaking.com\/it\/wp-json\/wp\/v2\/pages\/5648\/revisions\/"}],"predecessor-version":[{"id":6039,"href":"https:\/\/jubainthemaking.com\/it\/wp-json\/wp\/v2\/pages\/5648\/revisions\/6039\/"}],"wp:featuredmedia":[{"embeddable":true,"href":"https:\/\/jubainthemaking.com\/it\/wp-json\/wp\/v2\/media\/4676\/"}],"wp:attachment":[{"href":"https:\/\/jubainthemaking.com\/it\/wp-json\/wp\/v2\/media\/?parent=5648"}],"curies":[{"name":"wp","href":"https:\/\/api.w.org\/{rel}","templated":true}]}}