{"id":5639,"date":"2018-06-18T15:05:00","date_gmt":"2018-06-18T13:05:00","guid":{"rendered":"http:\/\/jubainthemaking.com\/new\/?page_id=5639"},"modified":"2018-09-30T12:52:32","modified_gmt":"2018-09-30T10:52:32","slug":"jubek-grave","status":"publish","type":"page","link":"https:\/\/jubainthemaking.com\/it\/jubek-grave\/","title":{"rendered":"Jubek&#8217;s Grave"},"content":{"rendered":"<p>Jubek nacque negli ultimi anni del XIX Secolo. Secondo molti, \u00e8 a lui che la citt\u00e0 di Juba deve il suo l&#8217;uomo nome, il padre fondatore della citt\u00e0.<\/p>\n<p>&nbsp;<\/p>\n<p>Secondo gli anziani di Juba, era un capo clan del popolo Bari, che viveva nella terra dove le autorit\u00e0 coloniali anglo-egiziane scelsero di stabilire la base meridionale del Sudan, intorno al 1921. Commercianti greci erano gi\u00e0 presenti nell&#8217;area e, secondo alcuni rapporti dell&#8217;epoca, furono loro a suggerire al potere coloniale di trasferire il suo centro amministrativo da Rajaf, a pochi chilometri sul Nilo Bianco, a Juba, poich\u00e9 Rajaf non era accessibile in barca. Jubek e il suo clan non avevano altra scelta che lasciare la loro terra per consentire lo sviluppo della citt\u00e0 moderna e furono trasferiti in una zona chiamata <span style=\"color: #ffcc00;\"><a style=\"color: #ffcc00;\" href=\"http:\/\/jubainthemaking.com\/it\/juba-international-airport\/\">Juba Na Bari<\/a><\/span>, &#8220;Juba del popolo Bari&#8221; in lingua Bari.<\/p>\n<p>&nbsp;<\/p>\n<p>La tomba di Jubek fu eretta nel 2010 proprio sulla terra dalla quale proveniva alle origini di Juba, e la comunit\u00e0 Bari la trasform\u00f2 in un memoriale, rivendicando il riconoscimento della storia dei loro antenati e delle conseguenze da loro subite in seguito allo sviluppo della citt\u00e0 moderna. La memoria di Jubek viene celebrata ogni anno l&#8217;8 luglio, il giorno prima dell&#8217;anniversario dell&#8217;Indipendenza del Sud Sudan. La comunit\u00e0 Bari si riunisce sul luogo della tomba ed esegue danze e canti tradizionali, un&#8217;occasione per riaffermare la propria presenza e la propria eredit\u00e0 in una capitale caratterizzata da tensioni sulla propriet\u00e0 delle terre.<\/p>\n<p>&nbsp;<\/p>\n<p>Questo luogo ospita anche le tombe degli importanti politici sudsudanesi Hilary Logali e Daniel Jumi.<\/p>\n<div class=\"us_pages_bottom\" style=\"margin-top:50px;margin-bottom:50px;\"><div class=\"us_wrapper us_share_buttons us_tac us_skin_minimal\" data-text=\"Juba in the Making\" data-url=\"http:\/\/jubainthemaking.com\/it\/wp-json\/wp\/v2\/pages\/5639\/\" data-ajaxnetworks=\"facebook,linkedin\"><div class=\"us_facebook us_first us_button\"><a class=\"us_box\" href=\"#\"><div class=\"us_share\"><i class=\"us-icon-facebook\"><\/i><\/div><div class=\"us_count\"><\/div><\/a><\/div><div class=\"us_twitter us_no_count us_button\"><a class=\"us_box\" href=\"#\"><div class=\"us_share\"><i class=\"us-icon-twitter\"><\/i><\/div><\/a><\/div><div class=\"us_linkedin us_last us_button\"><a class=\"us_box\" href=\"#\"><div class=\"us_share\"><i class=\"us-icon-linkedin\"><\/i><\/div><div class=\"us_count\"><\/div><\/a><\/div><\/div><\/div>","protected":false},"excerpt":{"rendered":"<p>Jubek nacque negli ultimi anni del XIX Secolo. Secondo molti, \u00e8 a lui che la citt\u00e0 di Juba deve il suo l&#8217;uomo nome, il padre fondatore della citt\u00e0. &nbsp; Secondo gli anziani di Juba, era un capo clan del popolo Bari, che viveva nella terra dove le autorit\u00e0 coloniali anglo-egiziane scelsero di stabilire la base &hellip; <a href=\"https:\/\/jubainthemaking.com\/it\/jubek-grave\/\">Continua<\/a><\/p>\n","protected":false},"author":5,"featured_media":5248,"parent":0,"menu_order":0,"comment_status":"closed","ping_status":"closed","template":"template-landing-station.php","meta":{"_links_to":"","_links_to_target":""},"_links":{"self":[{"href":"https:\/\/jubainthemaking.com\/it\/wp-json\/wp\/v2\/pages\/5639\/"}],"collection":[{"href":"https:\/\/jubainthemaking.com\/it\/wp-json\/wp\/v2\/pages\/"}],"about":[{"href":"https:\/\/jubainthemaking.com\/it\/wp-json\/wp\/v2\/types\/page\/"}],"author":[{"embeddable":true,"href":"https:\/\/jubainthemaking.com\/it\/wp-json\/wp\/v2\/users\/5\/"}],"replies":[{"embeddable":true,"href":"https:\/\/jubainthemaking.com\/it\/wp-json\/wp\/v2\/comments\/?post=5639"}],"version-history":[{"count":5,"href":"https:\/\/jubainthemaking.com\/it\/wp-json\/wp\/v2\/pages\/5639\/revisions\/"}],"predecessor-version":[{"id":6031,"href":"https:\/\/jubainthemaking.com\/it\/wp-json\/wp\/v2\/pages\/5639\/revisions\/6031\/"}],"wp:featuredmedia":[{"embeddable":true,"href":"https:\/\/jubainthemaking.com\/it\/wp-json\/wp\/v2\/media\/5248\/"}],"wp:attachment":[{"href":"https:\/\/jubainthemaking.com\/it\/wp-json\/wp\/v2\/media\/?parent=5639"}],"curies":[{"name":"wp","href":"https:\/\/api.w.org\/{rel}","templated":true}]}}