{"id":5606,"date":"2018-06-18T15:38:01","date_gmt":"2018-06-18T13:38:01","guid":{"rendered":"http:\/\/jubainthemaking.com\/new\/?page_id=5606"},"modified":"2018-09-30T12:37:06","modified_gmt":"2018-09-30T10:37:06","slug":"jebel-kudjur","status":"publish","type":"page","link":"https:\/\/jubainthemaking.com\/it\/jebel-kudjur\/","title":{"rendered":"Jebel Kujur"},"content":{"rendered":"<p>Da qualunque punto si guardi Juba, Jebel Kujur domina il paesaggio con la sua forma allungata e particolare. La montagna, punto di riferimento, alta 684 metri, si presenta come un pezzo di roccia polveroso e marrone nella stagione secca e si trasforma in una collina verde e lussureggiante con l&#8217;arrivo delle piogge. Originariamente si trovava lontano dalla citt\u00e0. Ma, dal 2005, a causa della recente fase di sviluppo urbano, Jebel Kujur \u00e8 stato progressivamente circondato, inghiottito da Juba.<\/p>\n<p>&nbsp;<\/p>\n<p>Grandi palazzi, magazzini e frantoi per pietre (sia manuali sia industriali) presero posizione ai piedi della montagna, che fornisce pietra e ghiaia, materiali fondamentali per l&#8217;espansione della citt\u00e0. Un&#8217;espansione che cominci\u00f2 alla fine della guerra con il Sudan nel 2005 e continu\u00f2 dopo l&#8217;indipendenza del Sud Sudan nel 2011. A poco a poco, il Jebel si trasform\u00f2 in strade ed edifici in cemento, in una citt\u00e0 che mancava di abitazioni e infrastrutture di base per ospitare decine di migliaia di nuovi residenti.<\/p>\n<p>&nbsp;<\/p>\n<p>Il Jebel Kujur divent\u00f2 anche una meta da week-end per gli appassionati di arrampicata. Vie e ganci per l&#8217;arrampicata furono installati sul lato roccioso e un gruppo organizzato di arrampicatori veniva sul Jebel ogni domenica, finch\u00e9 le misure di restrizione per la sicurezza non li scoraggiarono alla fine del 2017.<\/p>\n<p>&nbsp;<\/p>\n<p>Durante la guerra tra 1983 e 2005 il Jebel Kujur fu una parte di Juba molto disputata. Era usata dall&#8217;Esercito di Liberazione del Popolo del Sudan (SPLA, Sudan People&#8217;s Liberation Army) come punto di spionaggio sulla citt\u00e0, finch\u00e9 le Forze armate del Sudan scoprirono la presenza di ribelli in cima alla montagna e li cacciarono via. Persero la vita.<\/p>\n<p>&nbsp;<\/p>\n<p>Jebel Kujur \u00e8 la casa di alcune famiglie che coltivano la terra sulla montagna e lavorano anche come spaccapietra, manualmente. Mettono in vendita piccoli cumuli di pietre sul ciglio della strada.<\/p>\n<p>&nbsp;<\/p>\n<p>Il nome originario di Jebel Kujur era Korok. Con l&#8217;arrivo nell&#8217;area degli arabi del Sudan settentrionale, il suo nome comune fu mutato in Kujur (\u201cstregoneria\u201d in arabo), in riferimento ai rituali che si pensava fossero celebrati sulla montagna. Il Jebel \u00e8 protagonista di storie e leggende conosciute dagli anziani. Ogni giorno al tramonto, quando il sole scende dietro di esso, i colori del Jebel Kujur schiudono una sorta di magico scenario.<\/p>\n<div class=\"us_pages_bottom\" style=\"margin-top:50px;margin-bottom:50px;\"><div class=\"us_wrapper us_share_buttons us_tac us_skin_minimal\" data-text=\"Juba in the Making\" data-url=\"http:\/\/jubainthemaking.com\/it\/wp-json\/wp\/v2\/pages\/5606\" data-ajaxnetworks=\"facebook,linkedin\"><div class=\"us_facebook us_first us_button\"><a class=\"us_box\" href=\"#\"><div class=\"us_share\"><i class=\"us-icon-facebook\"><\/i><\/div><div class=\"us_count\"><\/div><\/a><\/div><div class=\"us_twitter us_no_count us_button\"><a class=\"us_box\" href=\"#\"><div class=\"us_share\"><i class=\"us-icon-twitter\"><\/i><\/div><\/a><\/div><div class=\"us_linkedin us_last us_button\"><a class=\"us_box\" href=\"#\"><div class=\"us_share\"><i class=\"us-icon-linkedin\"><\/i><\/div><div class=\"us_count\"><\/div><\/a><\/div><\/div><\/div>","protected":false},"excerpt":{"rendered":"<p>Da qualunque punto si guardi Juba, Jebel Kujur domina il paesaggio con la sua forma allungata e particolare. La montagna, punto di riferimento, alta 684 metri, si presenta come un pezzo di roccia polveroso e marrone nella stagione secca e si trasforma in una collina verde e lussureggiante con l&#8217;arrivo delle piogge. Originariamente si trovava &hellip; <a href=\"https:\/\/jubainthemaking.com\/it\/jebel-kudjur\/\">Continua<\/a><\/p>\n","protected":false},"author":5,"featured_media":5242,"parent":0,"menu_order":0,"comment_status":"closed","ping_status":"closed","template":"template-landing-station.php","meta":{"_links_to":"","_links_to_target":""},"_links":{"self":[{"href":"https:\/\/jubainthemaking.com\/it\/wp-json\/wp\/v2\/pages\/5606\/"}],"collection":[{"href":"https:\/\/jubainthemaking.com\/it\/wp-json\/wp\/v2\/pages\/"}],"about":[{"href":"https:\/\/jubainthemaking.com\/it\/wp-json\/wp\/v2\/types\/page\/"}],"author":[{"embeddable":true,"href":"https:\/\/jubainthemaking.com\/it\/wp-json\/wp\/v2\/users\/5\/"}],"replies":[{"embeddable":true,"href":"https:\/\/jubainthemaking.com\/it\/wp-json\/wp\/v2\/comments\/?post=5606"}],"version-history":[{"count":4,"href":"https:\/\/jubainthemaking.com\/it\/wp-json\/wp\/v2\/pages\/5606\/revisions\/"}],"predecessor-version":[{"id":6011,"href":"https:\/\/jubainthemaking.com\/it\/wp-json\/wp\/v2\/pages\/5606\/revisions\/6011\/"}],"wp:featuredmedia":[{"embeddable":true,"href":"https:\/\/jubainthemaking.com\/it\/wp-json\/wp\/v2\/media\/5242\/"}],"wp:attachment":[{"href":"https:\/\/jubainthemaking.com\/it\/wp-json\/wp\/v2\/media\/?parent=5606"}],"curies":[{"name":"wp","href":"https:\/\/api.w.org\/{rel}","templated":true}]}}