{"id":5581,"date":"2018-06-18T15:28:23","date_gmt":"2018-06-18T13:28:23","guid":{"rendered":"http:\/\/jubainthemaking.com\/new\/?page_id=5581"},"modified":"2018-09-30T12:21:38","modified_gmt":"2018-09-30T10:21:38","slug":"hai-cinema","status":"publish","type":"page","link":"https:\/\/jubainthemaking.com\/it\/hai-cinema\/","title":{"rendered":"Hai Cinema"},"content":{"rendered":"<p>Chi \u00e8 stato testimone degli anni in cui il cinema era in funzione conserva affettuosi ricordi di serate a base di film e western americani. Fondato da un mercante greco negli anni Sessanta, il cinema fior\u00ec nel periodo dell&#8217;Accordo di Addis Abeba (1972-1983), ma chiuse i battenti dopo l&#8217;inizio della Seconda guerra civile sudanese nel 1983. Il proprietario lasci\u00f2 Juba. L&#8217;edificio rimase pi\u00f9 o meno vacante fino al 2005, quando la firma dell&#8217;Accordo per la Pace Globale (Comprehensive Peace Agreement, CPA) apr\u00ec una nuova epoca di sviluppo per la citt\u00e0 e per il Paese in generale. Un uomo d&#8217;affari acquist\u00f2 la struttura e la trasform\u00f2 in una chiesa, la Parrocchia di St. Emmanuel Jieng, una congregazione anglicana, i cui membri appartengono alla comunit\u00e0 Dinka Bor. Ma, nonostante la scomparsa del cinema, l&#8217;area rimane identificata ed \u00e8 ancora conosciuta come Hai Cinema, il quartiere del cinema.<\/p>\n<p>&nbsp;<\/p>\n<p>Andando verso ovest per circa 400 metri, sulla strada che segna l&#8217;inizio di Hai Malakal, si trova la Rotonda Mobil, sormontata da una statua raffigurante Jubek, l&#8217;uomo considerato il padre fondatore di Juba (e la cui <span style=\"color: #ffcc00;\"><a style=\"color: #ffcc00;\" href=\"http:\/\/jubainthemaking.com\/it\/jubek-grave\/\">tomba<\/a><\/span> non \u00e8 troppo lontana da qui).<\/p>\n<p>&nbsp;<\/p>\n<p>Una delle chiese pi\u00f9 famose di Juba si trova qui. La Cattedrale di Ognissanti, una chiesa anglicana che fa parte della Chiesa Episcopale del Sud Sudan, fu costruita nel 1959. Ospita funzioni quotidiani in inglese, arabo e altre lingue sudsudanesi. Qui \u00e8 dove si celebrarono le preghiere funebri per il defunto leader John Garang de Mabior nell&#8217;agosto del 2005, prima che la salma fosse seppellita in quello che oggi \u00e8 conosciuto come il <span style=\"color: #ffcc00;\"><a style=\"color: #ffcc00;\" href=\"http:\/\/jubainthemaking.com\/it\/garang-mausoleum\/\">Mausoleo di John Garang<\/a><\/span>. La Cattedrale di Ognissanti divenne un rifugio per oltre un migliaio di cittadini di Juba che furono sfollati nel luglio 2016 durante i combattimenti tra gli uomini di Riek Machar e le forze armate governative. I vescovi anglicani di Juba, richiamati dall&#8217;arcivescovo di Canterbury, chieserola cessazione delle ostilit\u00e0 fornendo assistenza umanitaria agli sfollati.<\/p>\n<div class=\"us_pages_bottom\" style=\"margin-top:50px;margin-bottom:50px;\"><div class=\"us_wrapper us_share_buttons us_tac us_skin_minimal\" data-text=\"Juba in the Making\" data-url=\"http:\/\/jubainthemaking.com\/it\/wp-json\/wp\/v2\/pages\/5581\" data-ajaxnetworks=\"facebook,linkedin\"><div class=\"us_facebook us_first us_button\"><a class=\"us_box\" href=\"#\"><div class=\"us_share\"><i class=\"us-icon-facebook\"><\/i><\/div><div class=\"us_count\"><\/div><\/a><\/div><div class=\"us_twitter us_no_count us_button\"><a class=\"us_box\" href=\"#\"><div class=\"us_share\"><i class=\"us-icon-twitter\"><\/i><\/div><\/a><\/div><div class=\"us_linkedin us_last us_button\"><a class=\"us_box\" href=\"#\"><div class=\"us_share\"><i class=\"us-icon-linkedin\"><\/i><\/div><div class=\"us_count\"><\/div><\/a><\/div><\/div><\/div>","protected":false},"excerpt":{"rendered":"<p>Chi \u00e8 stato testimone degli anni in cui il cinema era in funzione conserva affettuosi ricordi di serate a base di film e western americani. Fondato da un mercante greco negli anni Sessanta, il cinema fior\u00ec nel periodo dell&#8217;Accordo di Addis Abeba (1972-1983), ma chiuse i battenti dopo l&#8217;inizio della Seconda guerra civile sudanese nel &hellip; <a href=\"https:\/\/jubainthemaking.com\/it\/hai-cinema\/\">Continua<\/a><\/p>\n","protected":false},"author":5,"featured_media":5094,"parent":0,"menu_order":0,"comment_status":"closed","ping_status":"closed","template":"template-landing-station.php","meta":{"_links_to":"","_links_to_target":""},"_links":{"self":[{"href":"https:\/\/jubainthemaking.com\/it\/wp-json\/wp\/v2\/pages\/5581\/"}],"collection":[{"href":"https:\/\/jubainthemaking.com\/it\/wp-json\/wp\/v2\/pages\/"}],"about":[{"href":"https:\/\/jubainthemaking.com\/it\/wp-json\/wp\/v2\/types\/page\/"}],"author":[{"embeddable":true,"href":"https:\/\/jubainthemaking.com\/it\/wp-json\/wp\/v2\/users\/5\/"}],"replies":[{"embeddable":true,"href":"https:\/\/jubainthemaking.com\/it\/wp-json\/wp\/v2\/comments\/?post=5581"}],"version-history":[{"count":6,"href":"https:\/\/jubainthemaking.com\/it\/wp-json\/wp\/v2\/pages\/5581\/revisions\/"}],"predecessor-version":[{"id":5991,"href":"https:\/\/jubainthemaking.com\/it\/wp-json\/wp\/v2\/pages\/5581\/revisions\/5991\/"}],"wp:featuredmedia":[{"embeddable":true,"href":"https:\/\/jubainthemaking.com\/it\/wp-json\/wp\/v2\/media\/5094\/"}],"wp:attachment":[{"href":"https:\/\/jubainthemaking.com\/it\/wp-json\/wp\/v2\/media\/?parent=5581"}],"curies":[{"name":"wp","href":"https:\/\/api.w.org\/{rel}","templated":true}]}}