{"id":5575,"date":"2018-06-18T15:26:25","date_gmt":"2018-06-18T13:26:25","guid":{"rendered":"http:\/\/jubainthemaking.com\/new\/?page_id=5575"},"modified":"2018-09-30T12:00:57","modified_gmt":"2018-09-30T10:00:57","slug":"freedom-bridge","status":"publish","type":"page","link":"https:\/\/jubainthemaking.com\/it\/freedom-bridge\/","title":{"rendered":"Freedom Bridge"},"content":{"rendered":"<p>La realizzazione del secondo ponte sul Nilo Bianco dell&#8217;intero Sud Sudan \u00e8 in programma dal 2012 insieme alla firma di un accordo di cooperazione tra i governi del Sud Sudan e del Giappone. Dopo lo scoppio della guerra civile alla fine del 2013, il progetto \u00e8 stato sospeso. \u00c8 stato solo nel marzo 2015 che la costruzione del Ponte della Libert\u00e0 \u00e8 stata inaugurata dal Presidente Salva Kiir. Questa infrastruttura da 91 milioni di dollari avrebbe dovuto essere completata nel 2018. Ma sulla scia di un altro episodio di violenza a Juba nel luglio 2016, i lavoratori giapponesi sono stati evacuati e la costruzione del ponte \u00e8 rimasta in attesa ancora una volta. Il ponte, lungo 350 metri, ha lo scopo di alleggerire <span style=\"color: #ffcc00;\"><a style=\"color: #ffcc00;\" href=\"http:\/\/jubainthemaking.com\/it\/juba-nile-bridge\/\">l&#8217;unico ponte sul Nilo Bianco del Sud Sudan<\/a><\/span> dalla congestione del traffico e di stimolare l&#8217;attivit\u00e0 economica nella zona.<\/p>\n<div class=\"us_pages_bottom\" style=\"margin-top:50px;margin-bottom:50px;\"><div class=\"us_wrapper us_share_buttons us_tac us_skin_minimal\" data-text=\"Juba in the Making\" data-url=\"http:\/\/jubainthemaking.com\/it\/wp-json\/wp\/v2\/pages\/5575\" data-ajaxnetworks=\"facebook,linkedin\"><div class=\"us_facebook us_first us_button\"><a class=\"us_box\" href=\"#\"><div class=\"us_share\"><i class=\"us-icon-facebook\"><\/i><\/div><div class=\"us_count\"><\/div><\/a><\/div><div class=\"us_twitter us_no_count us_button\"><a class=\"us_box\" href=\"#\"><div class=\"us_share\"><i class=\"us-icon-twitter\"><\/i><\/div><\/a><\/div><div class=\"us_linkedin us_last us_button\"><a class=\"us_box\" href=\"#\"><div class=\"us_share\"><i class=\"us-icon-linkedin\"><\/i><\/div><div class=\"us_count\"><\/div><\/a><\/div><\/div><\/div>","protected":false},"excerpt":{"rendered":"<p>La realizzazione del secondo ponte sul Nilo Bianco dell&#8217;intero Sud Sudan \u00e8 in programma dal 2012 insieme alla firma di un accordo di cooperazione tra i governi del Sud Sudan e del Giappone. Dopo lo scoppio della guerra civile alla fine del 2013, il progetto \u00e8 stato sospeso. \u00c8 stato solo nel marzo 2015 che &hellip; <a href=\"https:\/\/jubainthemaking.com\/it\/freedom-bridge\/\">Continua<\/a><\/p>\n","protected":false},"author":5,"featured_media":6162,"parent":0,"menu_order":0,"comment_status":"closed","ping_status":"closed","template":"template-landing-station.php","meta":{"_links_to":"","_links_to_target":""},"_links":{"self":[{"href":"https:\/\/jubainthemaking.com\/it\/wp-json\/wp\/v2\/pages\/5575\/"}],"collection":[{"href":"https:\/\/jubainthemaking.com\/it\/wp-json\/wp\/v2\/pages\/"}],"about":[{"href":"https:\/\/jubainthemaking.com\/it\/wp-json\/wp\/v2\/types\/page\/"}],"author":[{"embeddable":true,"href":"https:\/\/jubainthemaking.com\/it\/wp-json\/wp\/v2\/users\/5\/"}],"replies":[{"embeddable":true,"href":"https:\/\/jubainthemaking.com\/it\/wp-json\/wp\/v2\/comments\/?post=5575"}],"version-history":[{"count":5,"href":"https:\/\/jubainthemaking.com\/it\/wp-json\/wp\/v2\/pages\/5575\/revisions\/"}],"predecessor-version":[{"id":5977,"href":"https:\/\/jubainthemaking.com\/it\/wp-json\/wp\/v2\/pages\/5575\/revisions\/5977\/"}],"wp:featuredmedia":[{"embeddable":true,"href":"https:\/\/jubainthemaking.com\/it\/wp-json\/wp\/v2\/media\/6162\/"}],"wp:attachment":[{"href":"https:\/\/jubainthemaking.com\/it\/wp-json\/wp\/v2\/media\/?parent=5575"}],"curies":[{"name":"wp","href":"https:\/\/api.w.org\/{rel}","templated":true}]}}