{"id":5571,"date":"2018-06-18T15:36:34","date_gmt":"2018-06-18T13:36:34","guid":{"rendered":"http:\/\/jubainthemaking.com\/new\/?page_id=5571"},"modified":"2018-09-30T12:19:34","modified_gmt":"2018-09-30T10:19:34","slug":"gurei","status":"publish","type":"page","link":"https:\/\/jubainthemaking.com\/it\/gurei\/","title":{"rendered":"Gurei"},"content":{"rendered":"<p>Maria Regina degli Apostoli, una chiesa cattolica, \u00e8 un punto di riferimento a Gurei, uno dei recenti quartieri di Juba fuori dal centro.<\/p>\n<p>&nbsp;<\/p>\n<p>Per raggiungere Gurei bisogna andare verso ovest dalla rotatoria dei Sette Giorni per circa 15 km, trovandosi a passare attraverso alcuni dei pi\u00f9 recenti quartieri della citta di Juba, dove nuovi residenti e rimpatriati si sono stabiliti dal 2005 in poi. Gudele 1 e 2 sono cresciuti tra il 2005 e io 2011, l&#8217;anno della dichiarazione d&#8217;indipendenza del Sud Sudan. Dopo Gudele 2, si raggiunge Kobri Haboba (\u201cIl Ponte della Nonna\u201d in arabo), un&#8217;area che era largamente disabitata prima del 2011. Secondo gli anziani di Juba, fu chiamata cos\u00ec per la prima donna che si stabil\u00ec l\u00e0. Attraversando Kobri Haboba, si arriva a Gurei. \u201cGurei\u201d \u00e8 il nome di un uccello grigio in lingua Bari.<\/p>\n<p>&nbsp;<\/p>\n<p>La vita non \u00e8 facile a Gurei. Per andare in centro a Juba con i mezzi di trasporto pubblici, bisogna considerare almeno tre ore tra andata e ritorno. Se non puoi andare a fare la spesa per il cibo in centro, devi rivolgerti alle poche bancarelle che offrono verdure a prezzi gonfiati. Siamo a 25 km di distanza dal Nilo, e ancora pi\u00f9 lontano dal <span style=\"color: #ffcc00;\"><a style=\"color: #ffcc00;\" href=\"http:\/\/jubainthemaking.com\/it\/konyo-konyo-market\/\">mercato di Konyo Konyo<\/a><\/span>. Ogni cosa diventa pi\u00f9 costosa, quando raggiunge Gurei. I camion per la consegna dell&#8217;acqua arrivano fino alle <span style=\"color: #ffcc00;\"><a style=\"color: #ffcc00;\" href=\"http:\/\/jubainthemaking.com\/it\/hai-gabat\">stazioni di rifornimento<\/a><\/span> poste lungo la riva del fiume e includono il costo del carburante extra nel prezzo di ciascun bidone d&#8217;acqua. I serbatoi d&#8217;acqua comunali sono stati istituiti con il supporto delle organizzazioni internazionali per cercare di facilitare l&#8217;accesso all&#8217;acqua.<\/p>\n<p>&nbsp;<\/p>\n<p>Come altri quartieri, Gurei \u00e8 stato tormentato dalla disoccupazione, dalla povert\u00e0 e dalla mancanza di cibo. Presso il Centro di assistenza sanitaria primaria di Gurei, il Ministero della salute e le organizzazioni umanitarie offrono cure a madri e bambini che soffrono di malnutrizione.<\/p>\n<div class=\"us_pages_bottom\" style=\"margin-top:50px;margin-bottom:50px;\"><div class=\"us_wrapper us_share_buttons us_tac us_skin_minimal\" data-text=\"Juba in the Making\" data-url=\"http:\/\/jubainthemaking.com\/it\/wp-json\/wp\/v2\/pages\/5571\" data-ajaxnetworks=\"facebook,linkedin\"><div class=\"us_facebook us_first us_button\"><a class=\"us_box\" href=\"#\"><div class=\"us_share\"><i class=\"us-icon-facebook\"><\/i><\/div><div class=\"us_count\"><\/div><\/a><\/div><div class=\"us_twitter us_no_count us_button\"><a class=\"us_box\" href=\"#\"><div class=\"us_share\"><i class=\"us-icon-twitter\"><\/i><\/div><\/a><\/div><div class=\"us_linkedin us_last us_button\"><a class=\"us_box\" href=\"#\"><div class=\"us_share\"><i class=\"us-icon-linkedin\"><\/i><\/div><div class=\"us_count\"><\/div><\/a><\/div><\/div><\/div>","protected":false},"excerpt":{"rendered":"<p>Maria Regina degli Apostoli, una chiesa cattolica, \u00e8 un punto di riferimento a Gurei, uno dei recenti quartieri di Juba fuori dal centro. &nbsp; Per raggiungere Gurei bisogna andare verso ovest dalla rotatoria dei Sette Giorni per circa 15 km, trovandosi a passare attraverso alcuni dei pi\u00f9 recenti quartieri della citta di Juba, dove nuovi &hellip; <a href=\"https:\/\/jubainthemaking.com\/it\/gurei\/\">Continua<\/a><\/p>\n","protected":false},"author":5,"featured_media":5070,"parent":0,"menu_order":0,"comment_status":"closed","ping_status":"closed","template":"template-landing-station.php","meta":{"_links_to":"","_links_to_target":""},"_links":{"self":[{"href":"https:\/\/jubainthemaking.com\/it\/wp-json\/wp\/v2\/pages\/5571\/"}],"collection":[{"href":"https:\/\/jubainthemaking.com\/it\/wp-json\/wp\/v2\/pages\/"}],"about":[{"href":"https:\/\/jubainthemaking.com\/it\/wp-json\/wp\/v2\/types\/page\/"}],"author":[{"embeddable":true,"href":"https:\/\/jubainthemaking.com\/it\/wp-json\/wp\/v2\/users\/5\/"}],"replies":[{"embeddable":true,"href":"https:\/\/jubainthemaking.com\/it\/wp-json\/wp\/v2\/comments\/?post=5571"}],"version-history":[{"count":5,"href":"https:\/\/jubainthemaking.com\/it\/wp-json\/wp\/v2\/pages\/5571\/revisions\/"}],"predecessor-version":[{"id":5987,"href":"https:\/\/jubainthemaking.com\/it\/wp-json\/wp\/v2\/pages\/5571\/revisions\/5987\/"}],"wp:featuredmedia":[{"embeddable":true,"href":"https:\/\/jubainthemaking.com\/it\/wp-json\/wp\/v2\/media\/5070\/"}],"wp:attachment":[{"href":"https:\/\/jubainthemaking.com\/it\/wp-json\/wp\/v2\/media\/?parent=5571"}],"curies":[{"name":"wp","href":"https:\/\/api.w.org\/{rel}","templated":true}]}}