{"id":6119,"date":"2018-10-01T11:41:21","date_gmt":"2018-10-01T09:41:21","guid":{"rendered":"http:\/\/jubainthemaking.com\/souk-sita-station\/"},"modified":"2018-10-02T16:44:29","modified_gmt":"2018-10-02T14:44:29","slug":"souk-sita-station","status":"publish","type":"page","link":"https:\/\/jubainthemaking.com\/fr\/souk-sita-station\/","title":{"rendered":"Souk Sita"},"content":{"rendered":"<p>Souk Sita est une petite zone r\u00e9sidentielle avec un march\u00e9, situ\u00e9e pr\u00e8s de la vieille caserne militaire, Giyada, qui a \u00e9t\u00e9 construite en 1955. Souk Sita est \u00e0 la fronti\u00e8re entre les quartiers de Kator et d&rsquo;Atlabara, et s&rsquo;\u00e9tend le long du mur d&rsquo;enceinte de la caserne. Le pass\u00e9 militaire de ce quartier a \u00e9t\u00e9 rappel\u00e9 d&rsquo;une fa\u00e7on tragique \u00e0 ses r\u00e9sidents en 2013, lorsque cinq enfants ont \u00e9t\u00e9 tu\u00e9s par l&rsquo;explosion d&rsquo;une vieille bombe alors qu&rsquo;ils cherchaient de la ferraille. Souk Sita a aussi \u00e9t\u00e9 le premier quartier affect\u00e9 par la crise actuelle au Soudan du Sud\u00a0: les combats ont \u00e9clat\u00e9 \u00e0 Giyada le 15 d\u00e9cembre 2013, et les r\u00e9sidents de Souk Sita ont \u00e9t\u00e9 parmi les premi\u00e8res victimes du conflit.<\/p>\n<div class=\"us_pages_bottom\" style=\"margin-top:50px;margin-bottom:50px;\"><div class=\"us_wrapper us_share_buttons us_tac us_skin_minimal\" data-text=\"Juba in the Making\" data-url=\"http:\/\/jubainthemaking.com\/fr\/wp-json\/wp\/v2\/pages\/6119\" data-ajaxnetworks=\"facebook,linkedin\"><div class=\"us_facebook us_first us_button\"><a class=\"us_box\" href=\"#\"><div class=\"us_share\"><i class=\"us-icon-facebook\"><\/i><\/div><div class=\"us_count\"><\/div><\/a><\/div><div class=\"us_twitter us_no_count us_button\"><a class=\"us_box\" href=\"#\"><div class=\"us_share\"><i class=\"us-icon-twitter\"><\/i><\/div><\/a><\/div><div class=\"us_linkedin us_last us_button\"><a class=\"us_box\" href=\"#\"><div class=\"us_share\"><i class=\"us-icon-linkedin\"><\/i><\/div><div class=\"us_count\"><\/div><\/a><\/div><\/div><\/div>","protected":false},"excerpt":{"rendered":"<p>Souk Sita est une petite zone r\u00e9sidentielle avec un march\u00e9, situ\u00e9e pr\u00e8s de la vieille caserne militaire, Giyada, qui a \u00e9t\u00e9 construite en 1955. Souk Sita est \u00e0 la fronti\u00e8re entre les quartiers de Kator et d&rsquo;Atlabara, et s&rsquo;\u00e9tend le long du mur d&rsquo;enceinte de la caserne. Le pass\u00e9 militaire de ce quartier a \u00e9t\u00e9 &hellip; <a href=\"https:\/\/jubainthemaking.com\/fr\/souk-sita-station\/\">Continued<\/a><\/p>\n","protected":false},"author":2,"featured_media":4625,"parent":0,"menu_order":0,"comment_status":"closed","ping_status":"closed","template":"template-landing-station.php","meta":{"_links_to":"","_links_to_target":""},"_links":{"self":[{"href":"https:\/\/jubainthemaking.com\/fr\/wp-json\/wp\/v2\/pages\/6119\/"}],"collection":[{"href":"https:\/\/jubainthemaking.com\/fr\/wp-json\/wp\/v2\/pages\/"}],"about":[{"href":"https:\/\/jubainthemaking.com\/fr\/wp-json\/wp\/v2\/types\/page\/"}],"author":[{"embeddable":true,"href":"https:\/\/jubainthemaking.com\/fr\/wp-json\/wp\/v2\/users\/2\/"}],"replies":[{"embeddable":true,"href":"https:\/\/jubainthemaking.com\/fr\/wp-json\/wp\/v2\/comments\/?post=6119"}],"version-history":[{"count":3,"href":"https:\/\/jubainthemaking.com\/fr\/wp-json\/wp\/v2\/pages\/6119\/revisions\/"}],"predecessor-version":[{"id":6170,"href":"https:\/\/jubainthemaking.com\/fr\/wp-json\/wp\/v2\/pages\/6119\/revisions\/6170\/"}],"wp:featuredmedia":[{"embeddable":true,"href":"https:\/\/jubainthemaking.com\/fr\/wp-json\/wp\/v2\/media\/4625\/"}],"wp:attachment":[{"href":"https:\/\/jubainthemaking.com\/fr\/wp-json\/wp\/v2\/media\/?parent=6119"}],"curies":[{"name":"wp","href":"https:\/\/api.w.org\/{rel}","templated":true}]}}