{"id":5676,"date":"2018-06-04T17:49:25","date_gmt":"2018-06-04T15:49:25","guid":{"rendered":"http:\/\/jubainthemaking.com\/new\/?page_id=5676"},"modified":"2018-09-30T13:38:17","modified_gmt":"2018-09-30T11:38:17","slug":"university-of-juba","status":"publish","type":"page","link":"https:\/\/jubainthemaking.com\/fr\/university-of-juba\/","title":{"rendered":"University Of Juba"},"content":{"rendered":"<p>Etablie en 1975, l&rsquo;Universit\u00e9 de Juba a \u00e9t\u00e9 inaugur\u00e9e en 1977 avec cinq facult\u00e9s. Sa cr\u00e9ation a \u00e9t\u00e9 c\u00e9l\u00e9br\u00e9e \u00e0 travers le sud du Soudan, une r\u00e9gion qui jusqu&rsquo;alors ne poss\u00e9dait aucune institution d&rsquo;\u00e9ducation sup\u00e9rieure. Mais en 1989, suite \u00e0 la reprise de la guerre civile depuis 1983, l&rsquo;Universit\u00e9 de Juba fut d\u00e9plac\u00e9e \u00e0 Khartoum, o\u00f9 elle a pass\u00e9 22 ann\u00e9es en exil. C&rsquo;est seulement quand le Soudan du Sud est devenu un pays ind\u00e9pendant en 2011, que l&rsquo;universit\u00e9 a \u00e9t\u00e9 pleinement rapatri\u00e9e \u00e0 Juba. Aujourd&rsquo;hui comprenant 12 facult\u00e9s, 5 \u00e9coles et une population d&rsquo;environ 10 000 \u00e9tudiants, c&rsquo;est la principale universit\u00e9 au Soudan du Sud. Les \u00e9tudiants, le personnel enseignant et l&rsquo;Universit\u00e9 de Juba dans son ensemble rencontrent de nombreuses difficult\u00e9s dues \u00e0 la guerre et \u00e0 la crise \u00e9conomique.<\/p>\n<p>&nbsp;<\/p>\n<p>Un article de Florence Miettaux \u00e0 propos de l&rsquo;Universit\u00e9 de Juba a \u00e9t\u00e9 publi\u00e9 par le Monde Afrique. Vous pouvez le lire <span style=\"color: #ffcc00;\"><a style=\"color: #ffcc00;\" href=\"https:\/\/www.lemonde.fr\/afrique\/article\/2018\/01\/29\/l-universite-de-juba-une-ecole-de-la-survie-au-soudan-du-sud_5248835_3212.html\" target=\"_blank\" rel=\"noopener\">ici<\/a><\/span>.<\/p>\n<div class=\"us_pages_bottom\" style=\"margin-top:50px;margin-bottom:50px;\"><div class=\"us_wrapper us_share_buttons us_tac us_skin_minimal\" data-text=\"Juba in the Making\" data-url=\"http:\/\/jubainthemaking.com\/fr\/wp-json\/wp\/v2\/pages\/5676\" data-ajaxnetworks=\"facebook,linkedin\"><div class=\"us_facebook us_first us_button\"><a class=\"us_box\" href=\"#\"><div class=\"us_share\"><i class=\"us-icon-facebook\"><\/i><\/div><div class=\"us_count\"><\/div><\/a><\/div><div class=\"us_twitter us_no_count us_button\"><a class=\"us_box\" href=\"#\"><div class=\"us_share\"><i class=\"us-icon-twitter\"><\/i><\/div><\/a><\/div><div class=\"us_linkedin us_last us_button\"><a class=\"us_box\" href=\"#\"><div class=\"us_share\"><i class=\"us-icon-linkedin\"><\/i><\/div><div class=\"us_count\"><\/div><\/a><\/div><\/div><\/div>","protected":false},"excerpt":{"rendered":"<p>Etablie en 1975, l&rsquo;Universit\u00e9 de Juba a \u00e9t\u00e9 inaugur\u00e9e en 1977 avec cinq facult\u00e9s. Sa cr\u00e9ation a \u00e9t\u00e9 c\u00e9l\u00e9br\u00e9e \u00e0 travers le sud du Soudan, une r\u00e9gion qui jusqu&rsquo;alors ne poss\u00e9dait aucune institution d&rsquo;\u00e9ducation sup\u00e9rieure. Mais en 1989, suite \u00e0 la reprise de la guerre civile depuis 1983, l&rsquo;Universit\u00e9 de Juba fut d\u00e9plac\u00e9e \u00e0 Khartoum, &hellip; <a href=\"https:\/\/jubainthemaking.com\/fr\/university-of-juba\/\">Continued<\/a><\/p>\n","protected":false},"author":5,"featured_media":4567,"parent":0,"menu_order":0,"comment_status":"closed","ping_status":"closed","template":"template-landing-station.php","meta":{"_links_to":"","_links_to_target":""},"_links":{"self":[{"href":"https:\/\/jubainthemaking.com\/fr\/wp-json\/wp\/v2\/pages\/5676\/"}],"collection":[{"href":"https:\/\/jubainthemaking.com\/fr\/wp-json\/wp\/v2\/pages\/"}],"about":[{"href":"https:\/\/jubainthemaking.com\/fr\/wp-json\/wp\/v2\/types\/page\/"}],"author":[{"embeddable":true,"href":"https:\/\/jubainthemaking.com\/fr\/wp-json\/wp\/v2\/users\/5\/"}],"replies":[{"embeddable":true,"href":"https:\/\/jubainthemaking.com\/fr\/wp-json\/wp\/v2\/comments\/?post=5676"}],"version-history":[{"count":5,"href":"https:\/\/jubainthemaking.com\/fr\/wp-json\/wp\/v2\/pages\/5676\/revisions\/"}],"predecessor-version":[{"id":6061,"href":"https:\/\/jubainthemaking.com\/fr\/wp-json\/wp\/v2\/pages\/5676\/revisions\/6061\/"}],"wp:featuredmedia":[{"embeddable":true,"href":"https:\/\/jubainthemaking.com\/fr\/wp-json\/wp\/v2\/media\/4567\/"}],"wp:attachment":[{"href":"https:\/\/jubainthemaking.com\/fr\/wp-json\/wp\/v2\/media\/?parent=5676"}],"curies":[{"name":"wp","href":"https:\/\/api.w.org\/{rel}","templated":true}]}}