{"id":5671,"date":"2018-06-18T15:41:03","date_gmt":"2018-06-18T13:41:03","guid":{"rendered":"http:\/\/jubainthemaking.com\/new\/?page_id=5671"},"modified":"2018-09-30T13:36:48","modified_gmt":"2018-09-30T11:36:48","slug":"un-house-poc-site","status":"publish","type":"page","link":"https:\/\/jubainthemaking.com\/fr\/un-house-poc-site\/","title":{"rendered":"UN House (PoC site)"},"content":{"rendered":"<p>UN House est l&rsquo;une des deux bases de la Mission des Nations Unies au Soudan du Sud (Unmiss) \u00e0 Juba. Elle a \u00e9t\u00e9 construite \u00e0 partir de 2011 pour remplacer la base initiale de la mission pr\u00e8s de l&rsquo;a\u00e9roport, qui est toujours en activit\u00e9. UN House s&rsquo;\u00e9tend sur un large p\u00e9rim\u00e8tre au sud de Jebel Kujur, avec des b\u00e2timents en dur accueillant des bureaux et des logements pour les employ\u00e9s. Un site de Protection des Civils (PoC) a \u00e9t\u00e9 install\u00e9 \u00e0 c\u00f4t\u00e9 de la base, sous la protection des casques bleus. Il h\u00e9berge environ 35 000 personnes d\u00e9plac\u00e9es, principalement d&rsquo;ethnie Nuer, qui ont fui la violence depuis le d\u00e9clenchement de la guerre civile en d\u00e9cembre 2013.<\/p>\n<div class=\"us_pages_bottom\" style=\"margin-top:50px;margin-bottom:50px;\"><div class=\"us_wrapper us_share_buttons us_tac us_skin_minimal\" data-text=\"Juba in the Making\" data-url=\"http:\/\/jubainthemaking.com\/fr\/wp-json\/wp\/v2\/pages\/5671\" data-ajaxnetworks=\"facebook,linkedin\"><div class=\"us_facebook us_first us_button\"><a class=\"us_box\" href=\"#\"><div class=\"us_share\"><i class=\"us-icon-facebook\"><\/i><\/div><div class=\"us_count\"><\/div><\/a><\/div><div class=\"us_twitter us_no_count us_button\"><a class=\"us_box\" href=\"#\"><div class=\"us_share\"><i class=\"us-icon-twitter\"><\/i><\/div><\/a><\/div><div class=\"us_linkedin us_last us_button\"><a class=\"us_box\" href=\"#\"><div class=\"us_share\"><i class=\"us-icon-linkedin\"><\/i><\/div><div class=\"us_count\"><\/div><\/a><\/div><\/div><\/div>","protected":false},"excerpt":{"rendered":"<p>UN House est l&rsquo;une des deux bases de la Mission des Nations Unies au Soudan du Sud (Unmiss) \u00e0 Juba. Elle a \u00e9t\u00e9 construite \u00e0 partir de 2011 pour remplacer la base initiale de la mission pr\u00e8s de l&rsquo;a\u00e9roport, qui est toujours en activit\u00e9. UN House s&rsquo;\u00e9tend sur un large p\u00e9rim\u00e8tre au sud de Jebel &hellip; <a href=\"https:\/\/jubainthemaking.com\/fr\/un-house-poc-site\/\">Continued<\/a><\/p>\n","protected":false},"author":5,"featured_media":5319,"parent":0,"menu_order":0,"comment_status":"closed","ping_status":"closed","template":"template-landing-station.php","meta":{"_links_to":"","_links_to_target":""},"_links":{"self":[{"href":"https:\/\/jubainthemaking.com\/fr\/wp-json\/wp\/v2\/pages\/5671\/"}],"collection":[{"href":"https:\/\/jubainthemaking.com\/fr\/wp-json\/wp\/v2\/pages\/"}],"about":[{"href":"https:\/\/jubainthemaking.com\/fr\/wp-json\/wp\/v2\/types\/page\/"}],"author":[{"embeddable":true,"href":"https:\/\/jubainthemaking.com\/fr\/wp-json\/wp\/v2\/users\/5\/"}],"replies":[{"embeddable":true,"href":"https:\/\/jubainthemaking.com\/fr\/wp-json\/wp\/v2\/comments\/?post=5671"}],"version-history":[{"count":5,"href":"https:\/\/jubainthemaking.com\/fr\/wp-json\/wp\/v2\/pages\/5671\/revisions\/"}],"predecessor-version":[{"id":6057,"href":"https:\/\/jubainthemaking.com\/fr\/wp-json\/wp\/v2\/pages\/5671\/revisions\/6057\/"}],"wp:featuredmedia":[{"embeddable":true,"href":"https:\/\/jubainthemaking.com\/fr\/wp-json\/wp\/v2\/media\/5319\/"}],"wp:attachment":[{"href":"https:\/\/jubainthemaking.com\/fr\/wp-json\/wp\/v2\/media\/?parent=5671"}],"curies":[{"name":"wp","href":"https:\/\/api.w.org\/{rel}","templated":true}]}}