{"id":5661,"date":"2018-06-18T15:32:27","date_gmt":"2018-06-18T13:32:27","guid":{"rendered":"http:\/\/jubainthemaking.com\/new\/?page_id=5661"},"modified":"2018-09-30T13:34:03","modified_gmt":"2018-09-30T11:34:03","slug":"nyakuron-cultural-centre","status":"publish","type":"page","link":"https:\/\/jubainthemaking.com\/fr\/nyakuron-cultural-centre\/","title":{"rendered":"Nyakuron Cultural Centre"},"content":{"rendered":"<p>Le Centre Culturel Nyakuron a \u00e9t\u00e9 construit apr\u00e8s l&rsquo;Accord d&rsquo;Addis Abeba de 1972, qui a mis fin \u00e0 la premi\u00e8re guerre civile soudanaise. Il a \u00e9t\u00e9 ouvert en 1976. C&rsquo;est un vaste complexe avec de grands jardins, une sc\u00e8ne ext\u00e9rieure, un grand amphith\u00e9\u00e2tre int\u00e9rieur, une bo\u00eete de nuit et un casino. Ce centre culturel accueille des \u00e9v\u00e9nements sportifs et culturels, tels que le Hagana Peace Festival, le Juba Film Festival, le Kilkilu Ana Comedy show, des comp\u00e9titions internationales de kickboxing et des expositions d&rsquo;art. Le centre est aussi lou\u00e9 pour des \u00e9v\u00e9nements priv\u00e9s comme des mariages. C&rsquo;est le quartier g\u00e9n\u00e9ral de beaucoup d&rsquo;artistes sud soudanais, mais ce n&rsquo;est pas tout le monde qui a les moyens de le louer pour y organiser des \u00e9v\u00e9nements.<\/p>\n<div class=\"us_pages_bottom\" style=\"margin-top:50px;margin-bottom:50px;\"><div class=\"us_wrapper us_share_buttons us_tac us_skin_minimal\" data-text=\"Juba in the Making\" data-url=\"http:\/\/jubainthemaking.com\/fr\/wp-json\/wp\/v2\/pages\/5661\/\" data-ajaxnetworks=\"facebook,linkedin\"><div class=\"us_facebook us_first us_button\"><a class=\"us_box\" href=\"#\"><div class=\"us_share\"><i class=\"us-icon-facebook\"><\/i><\/div><div class=\"us_count\"><\/div><\/a><\/div><div class=\"us_twitter us_no_count us_button\"><a class=\"us_box\" href=\"#\"><div class=\"us_share\"><i class=\"us-icon-twitter\"><\/i><\/div><\/a><\/div><div class=\"us_linkedin us_last us_button\"><a class=\"us_box\" href=\"#\"><div class=\"us_share\"><i class=\"us-icon-linkedin\"><\/i><\/div><div class=\"us_count\"><\/div><\/a><\/div><\/div><\/div>","protected":false},"excerpt":{"rendered":"<p>Le Centre Culturel Nyakuron a \u00e9t\u00e9 construit apr\u00e8s l&rsquo;Accord d&rsquo;Addis Abeba de 1972, qui a mis fin \u00e0 la premi\u00e8re guerre civile soudanaise. Il a \u00e9t\u00e9 ouvert en 1976. C&rsquo;est un vaste complexe avec de grands jardins, une sc\u00e8ne ext\u00e9rieure, un grand amphith\u00e9\u00e2tre int\u00e9rieur, une bo\u00eete de nuit et un casino. Ce centre culturel accueille &hellip; <a href=\"https:\/\/jubainthemaking.com\/fr\/nyakuron-cultural-centre\/\">Continued<\/a><\/p>\n","protected":false},"author":5,"featured_media":5307,"parent":0,"menu_order":0,"comment_status":"closed","ping_status":"closed","template":"template-landing-station.php","meta":{"_links_to":"","_links_to_target":""},"_links":{"self":[{"href":"https:\/\/jubainthemaking.com\/fr\/wp-json\/wp\/v2\/pages\/5661\/"}],"collection":[{"href":"https:\/\/jubainthemaking.com\/fr\/wp-json\/wp\/v2\/pages\/"}],"about":[{"href":"https:\/\/jubainthemaking.com\/fr\/wp-json\/wp\/v2\/types\/page\/"}],"author":[{"embeddable":true,"href":"https:\/\/jubainthemaking.com\/fr\/wp-json\/wp\/v2\/users\/5\/"}],"replies":[{"embeddable":true,"href":"https:\/\/jubainthemaking.com\/fr\/wp-json\/wp\/v2\/comments\/?post=5661"}],"version-history":[{"count":3,"href":"https:\/\/jubainthemaking.com\/fr\/wp-json\/wp\/v2\/pages\/5661\/revisions\/"}],"predecessor-version":[{"id":6049,"href":"https:\/\/jubainthemaking.com\/fr\/wp-json\/wp\/v2\/pages\/5661\/revisions\/6049\/"}],"wp:featuredmedia":[{"embeddable":true,"href":"https:\/\/jubainthemaking.com\/fr\/wp-json\/wp\/v2\/media\/5307\/"}],"wp:attachment":[{"href":"https:\/\/jubainthemaking.com\/fr\/wp-json\/wp\/v2\/media\/?parent=5661"}],"curies":[{"name":"wp","href":"https:\/\/api.w.org\/{rel}","templated":true}]}}