{"id":5655,"date":"2018-06-04T17:49:56","date_gmt":"2018-06-04T15:49:56","guid":{"rendered":"http:\/\/jubainthemaking.com\/new\/?page_id=5655"},"modified":"2018-09-30T13:32:20","modified_gmt":"2018-09-30T11:32:20","slug":"munuki","status":"publish","type":"page","link":"https:\/\/jubainthemaking.com\/fr\/munuki\/","title":{"rendered":"Munuki"},"content":{"rendered":"<p>Munuki veut dire \u00ab\u00a0le serpent est en hauteur\u00a0\u00bb en bari. Le quartier \u00e9tait encore sauvage lorsque la premi\u00e8re guerre civile soudanaise s&rsquo;est termin\u00e9e en 1972. La paix a stimul\u00e9 l&rsquo;afflux de nouveaux arrivants \u00e0 Juba et Munuki a \u00e9t\u00e9 d\u00e9limit\u00e9 et planifi\u00e9 \u00e0 la fin des ann\u00e9es 70, pour les accueillir.<\/p>\n<p>&nbsp;<\/p>\n<p>Aujourd&rsquo;hui c&rsquo;est une zone principalement r\u00e9sidentielle, avec de larges rues bien d\u00e9marqu\u00e9es, et un grand march\u00e9 qui s&rsquo;appelle Souk Libya. C&rsquo;est dans cet endroit \u00e9tonnant \u2013 un march\u00e9 \u2013 que les Archives Nationales du Soudan du Sud ont trouv\u00e9 un refuge temporaire, dans une maison lou\u00e9e par le Minist\u00e8re de la culture, de la jeunesse et des sports.<\/p>\n<p>&nbsp;<\/p>\n<p>Munuki est souvent secou\u00e9e par le bruit de coups de feu la nuit. Les attaques \u00e0 main arm\u00e9e sont monnaie courante dans le quartier.<\/p>\n<div class=\"us_pages_bottom\" style=\"margin-top:50px;margin-bottom:50px;\"><div class=\"us_wrapper us_share_buttons us_tac us_skin_minimal\" data-text=\"Juba in the Making\" data-url=\"http:\/\/jubainthemaking.com\/fr\/wp-json\/wp\/v2\/pages\/5655\" data-ajaxnetworks=\"facebook,linkedin\"><div class=\"us_facebook us_first us_button\"><a class=\"us_box\" href=\"#\"><div class=\"us_share\"><i class=\"us-icon-facebook\"><\/i><\/div><div class=\"us_count\"><\/div><\/a><\/div><div class=\"us_twitter us_no_count us_button\"><a class=\"us_box\" href=\"#\"><div class=\"us_share\"><i class=\"us-icon-twitter\"><\/i><\/div><\/a><\/div><div class=\"us_linkedin us_last us_button\"><a class=\"us_box\" href=\"#\"><div class=\"us_share\"><i class=\"us-icon-linkedin\"><\/i><\/div><div class=\"us_count\"><\/div><\/a><\/div><\/div><\/div>","protected":false},"excerpt":{"rendered":"<p>Munuki veut dire \u00ab\u00a0le serpent est en hauteur\u00a0\u00bb en bari. Le quartier \u00e9tait encore sauvage lorsque la premi\u00e8re guerre civile soudanaise s&rsquo;est termin\u00e9e en 1972. La paix a stimul\u00e9 l&rsquo;afflux de nouveaux arrivants \u00e0 Juba et Munuki a \u00e9t\u00e9 d\u00e9limit\u00e9 et planifi\u00e9 \u00e0 la fin des ann\u00e9es 70, pour les accueillir. &nbsp; Aujourd&rsquo;hui c&rsquo;est une &hellip; <a href=\"https:\/\/jubainthemaking.com\/fr\/munuki\/\">Continued<\/a><\/p>\n","protected":false},"author":5,"featured_media":4599,"parent":0,"menu_order":0,"comment_status":"closed","ping_status":"closed","template":"template-landing-station.php","meta":{"_links_to":"","_links_to_target":""},"_links":{"self":[{"href":"https:\/\/jubainthemaking.com\/fr\/wp-json\/wp\/v2\/pages\/5655\/"}],"collection":[{"href":"https:\/\/jubainthemaking.com\/fr\/wp-json\/wp\/v2\/pages\/"}],"about":[{"href":"https:\/\/jubainthemaking.com\/fr\/wp-json\/wp\/v2\/types\/page\/"}],"author":[{"embeddable":true,"href":"https:\/\/jubainthemaking.com\/fr\/wp-json\/wp\/v2\/users\/5\/"}],"replies":[{"embeddable":true,"href":"https:\/\/jubainthemaking.com\/fr\/wp-json\/wp\/v2\/comments\/?post=5655"}],"version-history":[{"count":5,"href":"https:\/\/jubainthemaking.com\/fr\/wp-json\/wp\/v2\/pages\/5655\/revisions\/"}],"predecessor-version":[{"id":6045,"href":"https:\/\/jubainthemaking.com\/fr\/wp-json\/wp\/v2\/pages\/5655\/revisions\/6045\/"}],"wp:featuredmedia":[{"embeddable":true,"href":"https:\/\/jubainthemaking.com\/fr\/wp-json\/wp\/v2\/media\/4599\/"}],"wp:attachment":[{"href":"https:\/\/jubainthemaking.com\/fr\/wp-json\/wp\/v2\/media\/?parent=5655"}],"curies":[{"name":"wp","href":"https:\/\/api.w.org\/{rel}","templated":true}]}}