{"id":5651,"date":"2018-06-04T17:51:44","date_gmt":"2018-06-04T15:51:44","guid":{"rendered":"http:\/\/jubainthemaking.com\/new\/?page_id=5651"},"modified":"2018-09-30T13:31:21","modified_gmt":"2018-09-30T11:31:21","slug":"lagoon-dumpsite","status":"publish","type":"page","link":"https:\/\/jubainthemaking.com\/fr\/lagoon-dumpsite\/","title":{"rendered":"Lagoon Dumpsite"},"content":{"rendered":"<p>Situ\u00e9e sur la route de Yei, \u00e0 moins de 10 km au sud ouest de Juba, la d\u00e9chetterie du Lagoon (Lagoon Dumpsite) est utilis\u00e9e depuis 2008. A partir de 2012, un partenariat entre la municipalit\u00e9 de Juba, le gouvernement sud soudanais et l&rsquo;Agence japonaise de coop\u00e9ration internationale (JICA) a conduit \u00e0 des am\u00e9liorations du site\u00a0: une cl\u00f4ture a \u00e9t\u00e9 construite, et l d\u00e9chetterie a \u00e9t\u00e9 \u00e9quip\u00e9e de bulldozers et de compacteurs. Un programme de ramassage des ordures avait \u00e9galement \u00e9t\u00e9 mis en place dans des zones pilotes. Cette coop\u00e9ration a \u00e9t\u00e9 interrompue \u00e0 la suite du d\u00e9clenchement de la guerre civile. La municipalit\u00e9 de Juba a par elle-m\u00eame poursuivi ses efforts de ramassage des d\u00e9chets, mais la plupart des quartiers restent non desservis et les r\u00e9sidents se tournent vers la seule option disponible\u00a0: br\u00fbler les ordures chez eux.<\/p>\n<p>&nbsp;<\/p>\n<p>La d\u00e9chetterie est aussi le lieu de travail informel de r\u00e9cup\u00e9rateurs. La plupart d&rsquo;entre eux sont venus de l&rsquo;ext\u00e9rieur de Juba et n&rsquo;ont pas pu trouver d&#8217;emploi. Ils cherchent de la nourriture ainsi que des mat\u00e9riaux recyclables comme le plastique ou la ferraille. Des interm\u00e9diaires leur ach\u00e8tent ces mat\u00e9riaux et les revendent ensuite en Chine. Mal \u00e9quip\u00e9s, les r\u00e9cup\u00e9rateurs travaillent dans des conditions dangereuses. La mort d&rsquo;un enfant, tu\u00e9 par un v\u00e9hicule, a \u00e9t\u00e9 signal\u00e9e en 2013. Les d\u00e9chets m\u00e9dicaux dangereux constituent une menace particuli\u00e8rement grave pour leur sant\u00e9.<\/p>\n<div class=\"us_pages_bottom\" style=\"margin-top:50px;margin-bottom:50px;\"><div class=\"us_wrapper us_share_buttons us_tac us_skin_minimal\" data-text=\"Juba in the Making\" data-url=\"http:\/\/jubainthemaking.com\/fr\/wp-json\/wp\/v2\/pages\/5651\" data-ajaxnetworks=\"facebook,linkedin\"><div class=\"us_facebook us_first us_button\"><a class=\"us_box\" href=\"#\"><div class=\"us_share\"><i class=\"us-icon-facebook\"><\/i><\/div><div class=\"us_count\"><\/div><\/a><\/div><div class=\"us_twitter us_no_count us_button\"><a class=\"us_box\" href=\"#\"><div class=\"us_share\"><i class=\"us-icon-twitter\"><\/i><\/div><\/a><\/div><div class=\"us_linkedin us_last us_button\"><a class=\"us_box\" href=\"#\"><div class=\"us_share\"><i class=\"us-icon-linkedin\"><\/i><\/div><div class=\"us_count\"><\/div><\/a><\/div><\/div><\/div>","protected":false},"excerpt":{"rendered":"<p>Situ\u00e9e sur la route de Yei, \u00e0 moins de 10 km au sud ouest de Juba, la d\u00e9chetterie du Lagoon (Lagoon Dumpsite) est utilis\u00e9e depuis 2008. A partir de 2012, un partenariat entre la municipalit\u00e9 de Juba, le gouvernement sud soudanais et l&rsquo;Agence japonaise de coop\u00e9ration internationale (JICA) a conduit \u00e0 des am\u00e9liorations du site\u00a0: &hellip; <a href=\"https:\/\/jubainthemaking.com\/fr\/lagoon-dumpsite\/\">Continued<\/a><\/p>\n","protected":false},"author":5,"featured_media":4627,"parent":0,"menu_order":0,"comment_status":"closed","ping_status":"closed","template":"template-landing-station.php","meta":{"_links_to":"","_links_to_target":""},"_links":{"self":[{"href":"https:\/\/jubainthemaking.com\/fr\/wp-json\/wp\/v2\/pages\/5651\/"}],"collection":[{"href":"https:\/\/jubainthemaking.com\/fr\/wp-json\/wp\/v2\/pages\/"}],"about":[{"href":"https:\/\/jubainthemaking.com\/fr\/wp-json\/wp\/v2\/types\/page\/"}],"author":[{"embeddable":true,"href":"https:\/\/jubainthemaking.com\/fr\/wp-json\/wp\/v2\/users\/5\/"}],"replies":[{"embeddable":true,"href":"https:\/\/jubainthemaking.com\/fr\/wp-json\/wp\/v2\/comments\/?post=5651"}],"version-history":[{"count":5,"href":"https:\/\/jubainthemaking.com\/fr\/wp-json\/wp\/v2\/pages\/5651\/revisions\/"}],"predecessor-version":[{"id":6041,"href":"https:\/\/jubainthemaking.com\/fr\/wp-json\/wp\/v2\/pages\/5651\/revisions\/6041\/"}],"wp:featuredmedia":[{"embeddable":true,"href":"https:\/\/jubainthemaking.com\/fr\/wp-json\/wp\/v2\/media\/4627\/"}],"wp:attachment":[{"href":"https:\/\/jubainthemaking.com\/fr\/wp-json\/wp\/v2\/media\/?parent=5651"}],"curies":[{"name":"wp","href":"https:\/\/api.w.org\/{rel}","templated":true}]}}