{"id":5642,"date":"2018-06-18T15:30:32","date_gmt":"2018-06-18T13:30:32","guid":{"rendered":"http:\/\/jubainthemaking.com\/new\/?page_id=5642"},"modified":"2018-09-30T12:53:18","modified_gmt":"2018-09-30T10:53:18","slug":"kator","status":"publish","type":"page","link":"https:\/\/jubainthemaking.com\/fr\/kator\/","title":{"rendered":"Kator"},"content":{"rendered":"<p>Kator veut dire \u00ab\u00a0sol rouge\u00a0\u00bb en Bari. Cette partie de Juba a \u00e9t\u00e9 d\u00e9velopp\u00e9e dans les ann\u00e9es 1960, comme une extension de <span style=\"color: #ffcc00;\"><a style=\"color: #ffcc00;\" href=\"http:\/\/jubainthemaking.com\/fr\/hai-malakia\/\">Hai Malakia<\/a><\/span>. Les r\u00e9sidents qui ne pouvaient pas mettre \u00e0 niveau leurs logements et respecter les nouveaux crit\u00e8res mis en place, ont \u00e9t\u00e9 d\u00e9log\u00e9s des quartiers plus anciens et sont venus peupler Kator ou encore Atlabara, dans les ann\u00e9es 1950 et 60.<\/p>\n<p>&nbsp;<\/p>\n<p>Parmi les points de rep\u00e8res dans le quartier, on trouve la Kator B Court, o\u00f9 des conflits mineurs sont r\u00e9solus par des chefs coutumiers baris. On trouve aussi la Saint Theresa Cathedral, une \u00e9glise catholique construite en 1959, o\u00f9 des milliers de citoyens fuyant la violence de juillet 2016 ont cherch\u00e9 refuge.<\/p>\n<div class=\"us_pages_bottom\" style=\"margin-top:50px;margin-bottom:50px;\"><div class=\"us_wrapper us_share_buttons us_tac us_skin_minimal\" data-text=\"Juba in the Making\" data-url=\"http:\/\/jubainthemaking.com\/fr\/wp-json\/wp\/v2\/pages\/5642\" data-ajaxnetworks=\"facebook,linkedin\"><div class=\"us_facebook us_first us_button\"><a class=\"us_box\" href=\"#\"><div class=\"us_share\"><i class=\"us-icon-facebook\"><\/i><\/div><div class=\"us_count\"><\/div><\/a><\/div><div class=\"us_twitter us_no_count us_button\"><a class=\"us_box\" href=\"#\"><div class=\"us_share\"><i class=\"us-icon-twitter\"><\/i><\/div><\/a><\/div><div class=\"us_linkedin us_last us_button\"><a class=\"us_box\" href=\"#\"><div class=\"us_share\"><i class=\"us-icon-linkedin\"><\/i><\/div><div class=\"us_count\"><\/div><\/a><\/div><\/div><\/div>","protected":false},"excerpt":{"rendered":"<p>Kator veut dire \u00ab\u00a0sol rouge\u00a0\u00bb en Bari. Cette partie de Juba a \u00e9t\u00e9 d\u00e9velopp\u00e9e dans les ann\u00e9es 1960, comme une extension de Hai Malakia. Les r\u00e9sidents qui ne pouvaient pas mettre \u00e0 niveau leurs logements et respecter les nouveaux crit\u00e8res mis en place, ont \u00e9t\u00e9 d\u00e9log\u00e9s des quartiers plus anciens et sont venus peupler Kator &hellip; <a href=\"https:\/\/jubainthemaking.com\/fr\/kator\/\">Continued<\/a><\/p>\n","protected":false},"author":5,"featured_media":5271,"parent":0,"menu_order":0,"comment_status":"closed","ping_status":"closed","template":"template-landing-station.php","meta":{"_links_to":"","_links_to_target":""},"_links":{"self":[{"href":"https:\/\/jubainthemaking.com\/fr\/wp-json\/wp\/v2\/pages\/5642\/"}],"collection":[{"href":"https:\/\/jubainthemaking.com\/fr\/wp-json\/wp\/v2\/pages\/"}],"about":[{"href":"https:\/\/jubainthemaking.com\/fr\/wp-json\/wp\/v2\/types\/page\/"}],"author":[{"embeddable":true,"href":"https:\/\/jubainthemaking.com\/fr\/wp-json\/wp\/v2\/users\/5\/"}],"replies":[{"embeddable":true,"href":"https:\/\/jubainthemaking.com\/fr\/wp-json\/wp\/v2\/comments\/?post=5642"}],"version-history":[{"count":5,"href":"https:\/\/jubainthemaking.com\/fr\/wp-json\/wp\/v2\/pages\/5642\/revisions\/"}],"predecessor-version":[{"id":6033,"href":"https:\/\/jubainthemaking.com\/fr\/wp-json\/wp\/v2\/pages\/5642\/revisions\/6033\/"}],"wp:featuredmedia":[{"embeddable":true,"href":"https:\/\/jubainthemaking.com\/fr\/wp-json\/wp\/v2\/media\/5271\/"}],"wp:attachment":[{"href":"https:\/\/jubainthemaking.com\/fr\/wp-json\/wp\/v2\/media\/?parent=5642"}],"curies":[{"name":"wp","href":"https:\/\/api.w.org\/{rel}","templated":true}]}}