{"id":5635,"date":"2018-06-18T15:05:00","date_gmt":"2018-06-18T13:05:00","guid":{"rendered":"http:\/\/jubainthemaking.com\/new\/?page_id=5635"},"modified":"2018-09-30T12:52:14","modified_gmt":"2018-09-30T10:52:14","slug":"jubek-grave","status":"publish","type":"page","link":"https:\/\/jubainthemaking.com\/fr\/jubek-grave\/","title":{"rendered":"Jubek&rsquo;s Grave"},"content":{"rendered":"<p>Jubek est n\u00e9 dans les derni\u00e8res ann\u00e9es du 19e si\u00e8cle. Il est largement consid\u00e9r\u00e9 comme l&rsquo;homme qui a donn\u00e9 son nom \u00e0 Juba, le p\u00e8re fondateur de la ville.<\/p>\n<p>&nbsp;<\/p>\n<p>Selon des anciens de Juba, il \u00e9tait le chef d&rsquo;un clan du peuple Bari, qui vivait sur la terre o\u00f9 les autorit\u00e9s coloniales anglo-\u00e9gyptiennes choisirent d&rsquo;\u00e9tablir le quartier g\u00e9n\u00e9ral de la partie sud du Soudan, autour de 1921. Des marchands grecs \u00e9taient d\u00e9j\u00e0 pr\u00e9sents dans la r\u00e9gion et, selon certains r\u00e9cits, ils auraient sugg\u00e9r\u00e9 au pouvoir colonial de d\u00e9placer son centre administratif de Rajaf, situ\u00e9e \u00e0 quelques kilom\u00e8tres en remontant le Nil Blanc, \u00e0 Juba. La raison \u00e9tait que Rajaf n&rsquo;\u00e9tait pas accessible par bateau. Jubek et son clan n&rsquo;eurent pas d&rsquo;autre choix que de quitter leurs terres pour permettre le d\u00e9veloppement de la ville moderne. Ils furent d\u00e9plac\u00e9s vers un quartier nomm\u00e9 <span style=\"color: #ffcc00;\"><a style=\"color: #ffcc00;\" href=\"http:\/\/jubainthemaking.com\/fr\/juba-international-airport\/\">Juba Na Bari,<\/a><\/span> \u00ab\u00a0la Juba des Baris\u00a0\u00bb en langue bari.<\/p>\n<p>&nbsp;<\/p>\n<p>La tombe de Jubek a \u00e9t\u00e9 \u00e9rig\u00e9e en 2010 sur la m\u00eame terre dont il a \u00e9t\u00e9 d\u00e9log\u00e9 au commencement de Juba, et la communaut\u00e9 bari l&rsquo;a d\u00e9velopp\u00e9e en un m\u00e9morial, r\u00e9clamant la reconnaissance de l&rsquo;histoire de leurs anc\u00eatres et de comment le d\u00e9veloppement de la ville moderne les a affect\u00e9s. La m\u00e9moire de Jubek est c\u00e9l\u00e9br\u00e9e chaque ann\u00e9e le 8 juillet, la veille de l&rsquo;anniversaire de l&rsquo;ind\u00e9pendance du Soudan du Sud. La communaut\u00e9 bari se rassemble sur le site de la tombe et ex\u00e9cute des danses et chansons traditionnelles, une occasion de r\u00e9affirmer sa pr\u00e9sence et son patrimoine, dans une capitale marqu\u00e9e par des tensions sur la question de qui poss\u00e8de la terre.<\/p>\n<p>&nbsp;<\/p>\n<p>Le site abrite aussi les tombes des hommes politiques sud soudanais Hilary Logali et Daniel Jumi.<\/p>\n<div class=\"us_pages_bottom\" style=\"margin-top:50px;margin-bottom:50px;\"><div class=\"us_wrapper us_share_buttons us_tac us_skin_minimal\" data-text=\"Juba in the Making\" data-url=\"http:\/\/jubainthemaking.com\/fr\/wp-json\/wp\/v2\/pages\/5635\/\" data-ajaxnetworks=\"facebook,linkedin\"><div class=\"us_facebook us_first us_button\"><a class=\"us_box\" href=\"#\"><div class=\"us_share\"><i class=\"us-icon-facebook\"><\/i><\/div><div class=\"us_count\"><\/div><\/a><\/div><div class=\"us_twitter us_no_count us_button\"><a class=\"us_box\" href=\"#\"><div class=\"us_share\"><i class=\"us-icon-twitter\"><\/i><\/div><\/a><\/div><div class=\"us_linkedin us_last us_button\"><a class=\"us_box\" href=\"#\"><div class=\"us_share\"><i class=\"us-icon-linkedin\"><\/i><\/div><div class=\"us_count\"><\/div><\/a><\/div><\/div><\/div>","protected":false},"excerpt":{"rendered":"<p>Jubek est n\u00e9 dans les derni\u00e8res ann\u00e9es du 19e si\u00e8cle. Il est largement consid\u00e9r\u00e9 comme l&rsquo;homme qui a donn\u00e9 son nom \u00e0 Juba, le p\u00e8re fondateur de la ville. &nbsp; Selon des anciens de Juba, il \u00e9tait le chef d&rsquo;un clan du peuple Bari, qui vivait sur la terre o\u00f9 les autorit\u00e9s coloniales anglo-\u00e9gyptiennes choisirent &hellip; <a href=\"https:\/\/jubainthemaking.com\/fr\/jubek-grave\/\">Continued<\/a><\/p>\n","protected":false},"author":5,"featured_media":5247,"parent":0,"menu_order":0,"comment_status":"closed","ping_status":"closed","template":"template-landing-station.php","meta":{"_links_to":"","_links_to_target":""},"_links":{"self":[{"href":"https:\/\/jubainthemaking.com\/fr\/wp-json\/wp\/v2\/pages\/5635\/"}],"collection":[{"href":"https:\/\/jubainthemaking.com\/fr\/wp-json\/wp\/v2\/pages\/"}],"about":[{"href":"https:\/\/jubainthemaking.com\/fr\/wp-json\/wp\/v2\/types\/page\/"}],"author":[{"embeddable":true,"href":"https:\/\/jubainthemaking.com\/fr\/wp-json\/wp\/v2\/users\/5\/"}],"replies":[{"embeddable":true,"href":"https:\/\/jubainthemaking.com\/fr\/wp-json\/wp\/v2\/comments\/?post=5635"}],"version-history":[{"count":7,"href":"https:\/\/jubainthemaking.com\/fr\/wp-json\/wp\/v2\/pages\/5635\/revisions\/"}],"predecessor-version":[{"id":6029,"href":"https:\/\/jubainthemaking.com\/fr\/wp-json\/wp\/v2\/pages\/5635\/revisions\/6029\/"}],"wp:featuredmedia":[{"embeddable":true,"href":"https:\/\/jubainthemaking.com\/fr\/wp-json\/wp\/v2\/media\/5247\/"}],"wp:attachment":[{"href":"https:\/\/jubainthemaking.com\/fr\/wp-json\/wp\/v2\/media\/?parent=5635"}],"curies":[{"name":"wp","href":"https:\/\/api.w.org\/{rel}","templated":true}]}}