{"id":5625,"date":"2018-09-27T12:46:50","date_gmt":"2018-09-27T10:46:50","guid":{"rendered":"http:\/\/jubainthemaking.com\/new\/?page_id=5625"},"modified":"2018-10-07T23:06:01","modified_gmt":"2018-10-07T21:06:01","slug":"juba-town","status":"publish","type":"page","link":"https:\/\/jubainthemaking.com\/fr\/juba-town\/","title":{"rendered":"Juba Town"},"content":{"rendered":"<p>C&rsquo;est un rond-point embl\u00e9matique de Juba, surmont\u00e9 d&rsquo;un monument historique\u00a0: la borne indiquant les distances vers les capitales r\u00e9gionales, qui fut install\u00e9e par le r\u00e9gime colonial dans les premi\u00e8res ann\u00e9es de la ville. Elle appara\u00eet sur une photographie datant de 1928, o\u00f9 l&rsquo;on peut distinguer, \u00e0 l&rsquo;arri\u00e8re-plan, la Muderia (le bureau du gouverneur), toujours en usage par le gouverneur de l&rsquo;\u00e9tat de Jubek.<\/p>\n<p>&nbsp;<\/p>\n<p>Parmi les autres b\u00e2timents construits ici au d\u00e9but de l&rsquo;existence de la ville coloniale, le Juba Hotel a \u00e9t\u00e9 presque enti\u00e8rement d\u00e9moli en 2010, en d\u00e9pit de son importance historique. Au bord de la route allant vers le nord, en direction de l&rsquo;a\u00e9roport, on peut encore distinguer les mots \u00ab\u00a0Juba Hotel\u00a0\u00bb \u00e9crits en lettres craquel\u00e9es sur un vieux panneau. Le Juba Hotel, \u00e0 la fois l\u00e9gendaire et m\u00e9connu, h\u00e9bergeait des visiteurs traversant la r\u00e9gion, et on dit m\u00eame que la reine d&rsquo;Angleterre y a pass\u00e9 quelques nuits pendant la Seconde Guerre mondiale. Seules quelques parties de l&rsquo;h\u00f4tel ont \u00e9t\u00e9 pr\u00e9serv\u00e9es, y compris un bungalow. Il y a de cela des ann\u00e9es, dans l&rsquo;euphorie g\u00e9n\u00e9r\u00e9e par l&rsquo;ind\u00e9pendance du Soudan du Sud, des posters criards annon\u00e7aient la construction d&rsquo;un complexe flambant neuf, Juba Dream Hotel, sur le site. Ils ont depuis \u00e9t\u00e9 effac\u00e9s par la pluie. Le terrain est envahi par la v\u00e9g\u00e9tation et semble abandonn\u00e9.<\/p>\n<p>&nbsp;<\/p>\n<p>Vers le sud du rond point, une route conduit au Juba Teaching Hospital, \u00e9tabli dans les ann\u00e9es 1940.<\/p>\n<p>&nbsp;<\/p>\n<p>Les autorit\u00e9s coloniales anglo-\u00e9gyptiennes ont choisi Juba comme quartier g\u00e9n\u00e9ral r\u00e9gional \u00e0 partir de 1921, et ont d\u00e9velopp\u00e9 la ville en collaboration avec des <span style=\"color: #ffcc00;\"><a style=\"color: #ffcc00;\" href=\"http:\/\/jubainthemaking.com\/fr\/juba-town-hai-jallaba\/\">commer\u00e7ants \u00e9trangers<\/a><\/span>, des Grecs, Libanais, Syriens, Cypriotes et des Arabes nord Soudanais.<\/p>\n<p>&nbsp;<\/p>\n<p><em>Note: le mat\u00e9riau d&rsquo;archive photographique en noir et blanc montre des vues a\u00e9riennes de Juba et le d\u00e9chargement d&rsquo;une barge en 1928, ainsi que le monument et le rond point de la Muderia. Avec la permission de Durham University.<\/em><\/p>\n<div class=\"us_pages_bottom\" style=\"margin-top:50px;margin-bottom:50px;\"><div class=\"us_wrapper us_share_buttons us_tac us_skin_minimal\" data-text=\"Juba in the Making\" data-url=\"http:\/\/jubainthemaking.com\/fr\/wp-json\/wp\/v2\/pages\/5625\" data-ajaxnetworks=\"facebook,linkedin\"><div class=\"us_facebook us_first us_button\"><a class=\"us_box\" href=\"#\"><div class=\"us_share\"><i class=\"us-icon-facebook\"><\/i><\/div><div class=\"us_count\"><\/div><\/a><\/div><div class=\"us_twitter us_no_count us_button\"><a class=\"us_box\" href=\"#\"><div class=\"us_share\"><i class=\"us-icon-twitter\"><\/i><\/div><\/a><\/div><div class=\"us_linkedin us_last us_button\"><a class=\"us_box\" href=\"#\"><div class=\"us_share\"><i class=\"us-icon-linkedin\"><\/i><\/div><div class=\"us_count\"><\/div><\/a><\/div><\/div><\/div>","protected":false},"excerpt":{"rendered":"<p>C&rsquo;est un rond-point embl\u00e9matique de Juba, surmont\u00e9 d&rsquo;un monument historique\u00a0: la borne indiquant les distances vers les capitales r\u00e9gionales, qui fut install\u00e9e par le r\u00e9gime colonial dans les premi\u00e8res ann\u00e9es de la ville. Elle appara\u00eet sur une photographie datant de 1928, o\u00f9 l&rsquo;on peut distinguer, \u00e0 l&rsquo;arri\u00e8re-plan, la Muderia (le bureau du gouverneur), toujours en &hellip; <a href=\"https:\/\/jubainthemaking.com\/fr\/juba-town\/\">Continued<\/a><\/p>\n","protected":false},"author":5,"featured_media":5283,"parent":0,"menu_order":0,"comment_status":"closed","ping_status":"closed","template":"template-landing-station.php","meta":{"_links_to":"","_links_to_target":""},"_links":{"self":[{"href":"https:\/\/jubainthemaking.com\/fr\/wp-json\/wp\/v2\/pages\/5625\/"}],"collection":[{"href":"https:\/\/jubainthemaking.com\/fr\/wp-json\/wp\/v2\/pages\/"}],"about":[{"href":"https:\/\/jubainthemaking.com\/fr\/wp-json\/wp\/v2\/types\/page\/"}],"author":[{"embeddable":true,"href":"https:\/\/jubainthemaking.com\/fr\/wp-json\/wp\/v2\/users\/5\/"}],"replies":[{"embeddable":true,"href":"https:\/\/jubainthemaking.com\/fr\/wp-json\/wp\/v2\/comments\/?post=5625"}],"version-history":[{"count":6,"href":"https:\/\/jubainthemaking.com\/fr\/wp-json\/wp\/v2\/pages\/5625\/revisions\/"}],"predecessor-version":[{"id":6197,"href":"https:\/\/jubainthemaking.com\/fr\/wp-json\/wp\/v2\/pages\/5625\/revisions\/6197\/"}],"wp:featuredmedia":[{"embeddable":true,"href":"https:\/\/jubainthemaking.com\/fr\/wp-json\/wp\/v2\/media\/5283\/"}],"wp:attachment":[{"href":"https:\/\/jubainthemaking.com\/fr\/wp-json\/wp\/v2\/media\/?parent=5625"}],"curies":[{"name":"wp","href":"https:\/\/api.w.org\/{rel}","templated":true}]}}