{"id":5620,"date":"2018-06-18T15:15:24","date_gmt":"2018-06-18T13:15:24","guid":{"rendered":"http:\/\/jubainthemaking.com\/new\/?page_id=5620"},"modified":"2018-09-30T12:40:03","modified_gmt":"2018-09-30T10:40:03","slug":"juba-stadium","status":"publish","type":"page","link":"https:\/\/jubainthemaking.com\/fr\/juba-stadium\/","title":{"rendered":"Juba Stadium"},"content":{"rendered":"<p>Construit en 1962 sous le r\u00e9gime d&rsquo;Ibrahim Abboud, le Stade de Juba a une capacit\u00e9 de 7000 places. Il accueille r\u00e9guli\u00e8rement des matchs de foot et des tournois de lutte, ainsi que des c\u00e9r\u00e9monies officielles et des festivals.<\/p>\n<div class=\"us_pages_bottom\" style=\"margin-top:50px;margin-bottom:50px;\"><div class=\"us_wrapper us_share_buttons us_tac us_skin_minimal\" data-text=\"Juba in the Making\" data-url=\"http:\/\/jubainthemaking.com\/fr\/wp-json\/wp\/v2\/pages\/5620\" data-ajaxnetworks=\"facebook,linkedin\"><div class=\"us_facebook us_first us_button\"><a class=\"us_box\" href=\"#\"><div class=\"us_share\"><i class=\"us-icon-facebook\"><\/i><\/div><div class=\"us_count\"><\/div><\/a><\/div><div class=\"us_twitter us_no_count us_button\"><a class=\"us_box\" href=\"#\"><div class=\"us_share\"><i class=\"us-icon-twitter\"><\/i><\/div><\/a><\/div><div class=\"us_linkedin us_last us_button\"><a class=\"us_box\" href=\"#\"><div class=\"us_share\"><i class=\"us-icon-linkedin\"><\/i><\/div><div class=\"us_count\"><\/div><\/a><\/div><\/div><\/div>","protected":false},"excerpt":{"rendered":"<p>Construit en 1962 sous le r\u00e9gime d&rsquo;Ibrahim Abboud, le Stade de Juba a une capacit\u00e9 de 7000 places. Il accueille r\u00e9guli\u00e8rement des matchs de foot et des tournois de lutte, ainsi que des c\u00e9r\u00e9monies officielles et des festivals.<\/p>\n","protected":false},"author":5,"featured_media":4659,"parent":0,"menu_order":0,"comment_status":"closed","ping_status":"closed","template":"template-landing-station.php","meta":{"_links_to":"","_links_to_target":""},"_links":{"self":[{"href":"https:\/\/jubainthemaking.com\/fr\/wp-json\/wp\/v2\/pages\/5620\/"}],"collection":[{"href":"https:\/\/jubainthemaking.com\/fr\/wp-json\/wp\/v2\/pages\/"}],"about":[{"href":"https:\/\/jubainthemaking.com\/fr\/wp-json\/wp\/v2\/types\/page\/"}],"author":[{"embeddable":true,"href":"https:\/\/jubainthemaking.com\/fr\/wp-json\/wp\/v2\/users\/5\/"}],"replies":[{"embeddable":true,"href":"https:\/\/jubainthemaking.com\/fr\/wp-json\/wp\/v2\/comments\/?post=5620"}],"version-history":[{"count":4,"href":"https:\/\/jubainthemaking.com\/fr\/wp-json\/wp\/v2\/pages\/5620\/revisions\/"}],"predecessor-version":[{"id":6021,"href":"https:\/\/jubainthemaking.com\/fr\/wp-json\/wp\/v2\/pages\/5620\/revisions\/6021\/"}],"wp:featuredmedia":[{"embeddable":true,"href":"https:\/\/jubainthemaking.com\/fr\/wp-json\/wp\/v2\/media\/4659\/"}],"wp:attachment":[{"href":"https:\/\/jubainthemaking.com\/fr\/wp-json\/wp\/v2\/media\/?parent=5620"}],"curies":[{"name":"wp","href":"https:\/\/api.w.org\/{rel}","templated":true}]}}