{"id":5609,"date":"2018-06-04T17:50:35","date_gmt":"2018-06-04T15:50:35","guid":{"rendered":"http:\/\/jubainthemaking.com\/new\/?page_id=5609"},"modified":"2018-11-10T14:47:43","modified_gmt":"2018-11-10T13:47:43","slug":"garang-mausoleum","status":"publish","type":"page","link":"https:\/\/jubainthemaking.com\/fr\/garang-mausoleum\/","title":{"rendered":"John Garang Mausoleum"},"content":{"rendered":"<p>C&rsquo;est l\u00e0 que repose John Garang de Mabior, celui qui a dirig\u00e9 l&rsquo;Arm\u00e9e et le Mouvement Populaire de Lib\u00e9ration du Soudan (SPLA\/M) de 1983 \u00e0 2005, quand l&rsquo;Accord de Paix Global (CPA) a \u00e9t\u00e9 sign\u00e9, ouvrant la voie \u00e0 l&rsquo;ind\u00e9pendance du Soudan du Sud, d\u00e9clar\u00e9e en 2011. Mais John Garang ne l&rsquo;a pas v\u00e9cue\u00a0: il est mort dans un crash d&rsquo;h\u00e9licopt\u00e8re peu apr\u00e8s son intronisation comme Premier Vice-Pr\u00e9sident du Soudan et Pr\u00e9sident du Gouvernement du Sud Soudan. Sa mort soudaine a cr\u00e9\u00e9 une onde de choc \u00e0 travers le pays. Il a \u00e9t\u00e9 remplac\u00e9 par Salva Kiir Mayardit, le pr\u00e9sident actuel du Soudan du Sud.<\/p>\n<p>&nbsp;<\/p>\n<p>Sous contr\u00f4le serr\u00e9 du gouvernement soudanais pendant la guerre entre 1983 et 2005, Juba a \u00e9t\u00e9 r\u00e9guli\u00e8rement pilonn\u00e9e et m\u00eame partiellement captur\u00e9e par le SPLA en 1992. Mais les rebelles n&rsquo;ont jamais r\u00e9ussi \u00e0 conqu\u00e9rir la ville. Ils y sont entr\u00e9s pour la premi\u00e8re fois en vingt ans \u00e0 l&rsquo;occasion des fun\u00e9railles de John Garang. Le 9 juillet 2011, c&rsquo;est ici, pr\u00e8s de la tombe de John Garang, que son vieux camarade Salva Kiir a proclam\u00e9 l&rsquo;ind\u00e9pendance du Soudan du Sud.<\/p>\n<p>&nbsp;<\/p>\n<p>Au fil des ann\u00e9es, le mausol\u00e9e de John Garang a \u00e9t\u00e9 d\u00e9velopp\u00e9 en un complexe d\u00e9di\u00e9 aux \u00e9v\u00e9nements publics, aux meetings, aux c\u00e9l\u00e9brations. La tombe elle-m\u00eame se tient derri\u00e8re un portail aux \u00e9pais barreaux, et le vaste parc autour est emmur\u00e9, ferm\u00e9 au public et gard\u00e9 en permanence par des soldats. De l&rsquo;autre c\u00f4t\u00e9 de la rue qui traverse le site, faisant face aux gradins r\u00e9serv\u00e9s aux VIP et officiels, la zone pour le public abrite une statue du dirigeant disparu, son b\u00e2ton dress\u00e9, montrant la direction. Derri\u00e8re ce grand espace, d&rsquo;autres structures d\u00e9di\u00e9es aux activit\u00e9s publiques ont \u00e9t\u00e9 construites, parmi lesquelles le Freedom Hall, o\u00f9 se tiennent des concerts et des \u00e9v\u00e9nements de toutes sortes. A c\u00f4t\u00e9, il avait \u00e9t\u00e9 projet\u00e9 d&rsquo;\u00e9riger un b\u00e2timent pour <span style=\"color: #ffcc00;\"><a style=\"color: #ffcc00;\" href=\"http:\/\/jubainthemaking.com\/fr\/munuki\/\">les Archives Nationales<\/a><\/span> ainsi qu&rsquo;un mus\u00e9e national\u00a0; la guerre civile a remis en cause ces projets.<\/p>\n<p>&nbsp;<\/p>\n<p>A c\u00f4t\u00e9 du mausol\u00e9e de John Garang, le Parlement National et le complexe des minist\u00e8res ont \u00e9t\u00e9 construits entre 1974 et 1978, pendant le terme du Gouvernement R\u00e9gional \u00e9tabli par l&rsquo;Accord de paix d&rsquo;Addis Abeba en 1972.<\/p>\n<p>&nbsp;<\/p>\n<p><em>Note: les photos en haut de cette page ont \u00e9t\u00e9 prises pendant la c\u00e9l\u00e9bration de la paix qui a eu lieu le 31 octobre 2018.\u00a0<\/em><\/p>\n<div class=\"us_pages_bottom\" style=\"margin-top:50px;margin-bottom:50px;\"><div class=\"us_wrapper us_share_buttons us_tac us_skin_minimal\" data-text=\"Juba in the Making\" data-url=\"http:\/\/jubainthemaking.com\/fr\/wp-json\/wp\/v2\/pages\/5609\" data-ajaxnetworks=\"facebook,linkedin\"><div class=\"us_facebook us_first us_button\"><a class=\"us_box\" href=\"#\"><div class=\"us_share\"><i class=\"us-icon-facebook\"><\/i><\/div><div class=\"us_count\"><\/div><\/a><\/div><div class=\"us_twitter us_no_count us_button\"><a class=\"us_box\" href=\"#\"><div class=\"us_share\"><i class=\"us-icon-twitter\"><\/i><\/div><\/a><\/div><div class=\"us_linkedin us_last us_button\"><a class=\"us_box\" href=\"#\"><div class=\"us_share\"><i class=\"us-icon-linkedin\"><\/i><\/div><div class=\"us_count\"><\/div><\/a><\/div><\/div><\/div>","protected":false},"excerpt":{"rendered":"<p>C&rsquo;est l\u00e0 que repose John Garang de Mabior, celui qui a dirig\u00e9 l&rsquo;Arm\u00e9e et le Mouvement Populaire de Lib\u00e9ration du Soudan (SPLA\/M) de 1983 \u00e0 2005, quand l&rsquo;Accord de Paix Global (CPA) a \u00e9t\u00e9 sign\u00e9, ouvrant la voie \u00e0 l&rsquo;ind\u00e9pendance du Soudan du Sud, d\u00e9clar\u00e9e en 2011. Mais John Garang ne l&rsquo;a pas v\u00e9cue\u00a0: il &hellip; <a href=\"https:\/\/jubainthemaking.com\/fr\/garang-mausoleum\/\">Continued<\/a><\/p>\n","protected":false},"author":5,"featured_media":6311,"parent":0,"menu_order":0,"comment_status":"closed","ping_status":"closed","template":"template-landing-station.php","meta":{"_links_to":"","_links_to_target":""},"_links":{"self":[{"href":"https:\/\/jubainthemaking.com\/fr\/wp-json\/wp\/v2\/pages\/5609\/"}],"collection":[{"href":"https:\/\/jubainthemaking.com\/fr\/wp-json\/wp\/v2\/pages\/"}],"about":[{"href":"https:\/\/jubainthemaking.com\/fr\/wp-json\/wp\/v2\/types\/page\/"}],"author":[{"embeddable":true,"href":"https:\/\/jubainthemaking.com\/fr\/wp-json\/wp\/v2\/users\/5\/"}],"replies":[{"embeddable":true,"href":"https:\/\/jubainthemaking.com\/fr\/wp-json\/wp\/v2\/comments\/?post=5609"}],"version-history":[{"count":8,"href":"https:\/\/jubainthemaking.com\/fr\/wp-json\/wp\/v2\/pages\/5609\/revisions\/"}],"predecessor-version":[{"id":6327,"href":"https:\/\/jubainthemaking.com\/fr\/wp-json\/wp\/v2\/pages\/5609\/revisions\/6327\/"}],"wp:featuredmedia":[{"embeddable":true,"href":"https:\/\/jubainthemaking.com\/fr\/wp-json\/wp\/v2\/media\/6311\/"}],"wp:attachment":[{"href":"https:\/\/jubainthemaking.com\/fr\/wp-json\/wp\/v2\/media\/?parent=5609"}],"curies":[{"name":"wp","href":"https:\/\/api.w.org\/{rel}","templated":true}]}}