{"id":5604,"date":"2018-06-18T15:38:01","date_gmt":"2018-06-18T13:38:01","guid":{"rendered":"http:\/\/jubainthemaking.com\/new\/?page_id=5604"},"modified":"2018-09-30T12:36:45","modified_gmt":"2018-09-30T10:36:45","slug":"jebel-kudjur","status":"publish","type":"page","link":"https:\/\/jubainthemaking.com\/fr\/jebel-kudjur\/","title":{"rendered":"Jebel Kujur"},"content":{"rendered":"<p>O\u00f9 que vous soyez \u00e0 Juba, Jebel Kujur plane sur le paysage, avec sa forme singuli\u00e8rement allong\u00e9e. D&rsquo;une altitude de 684m, la montagne ressemble \u00e0 un morceau de roche poussi\u00e9reux lors de la saison s\u00e8che, et se transforme en colline verte et luxuriante lorsque viennent les pluies. Elle se tenait loin de la ville, dans la nature. Mais depuis 2005 et la r\u00e9cente phase de d\u00e9veloppement urbain, Jebel Kujur a progressivement \u00e9t\u00e9 encercl\u00e9, aval\u00e9 par Juba.<\/p>\n<p>&nbsp;<\/p>\n<p>De grandes villas, des entrep\u00f4ts et des concasseurs (\u00e0 la fois industriels et manuels) ont pris position au pied de la montagne, qui fournit pierres et graviers, les mat\u00e9riaux essentiels \u00e0 l&rsquo;expansion de la ville. Une expansion qui a commenc\u00e9 \u00e0 la fin de la guerre avec le Soudan en 2005, et continu\u00e9 apr\u00e8s l&rsquo;ind\u00e9pendance du Soudan du Sud en 2011. Morceau apr\u00e8s morceau, le Jebel a \u00e9t\u00e9 transform\u00e9 en routes et en b\u00e2timents, dans une ville qui manquait de logements et d\u2019infrastructures de base pour accueillir des dizaines de milliers de nouveaux r\u00e9sidents.<\/p>\n<p>&nbsp;<\/p>\n<p>Jebel Kujur est aussi devenu un lieu de pr\u00e9dilection pour les fans d&rsquo;escalade le week end. Des trajets et des crochets d&rsquo;escalades ont \u00e9t\u00e9 install\u00e9s \u00e0 m\u00eame la roche, et un groupe de grimpeurs r\u00e9guliers se rendait au Jebel chaque dimanche, jusqu&rsquo;\u00e0 ce que des restrictions de s\u00e9curit\u00e9 ne les d\u00e9couragent \u00e0 la fin de 2017.<\/p>\n<p>&nbsp;<\/p>\n<p>Pendant la guerre qui dura de 1983 \u00e0 2005, Jebel Kujur \u00e9tait une zone disput\u00e9e de Juba. Elle \u00e9tait utilis\u00e9e par les rebelles du SPLA pour espionner la ville, jusqu&rsquo;\u00e0 ce que l&rsquo;arm\u00e9e du Soudan ne d\u00e9couvre leur pr\u00e9sence au sommet de la montagne et ne les chasse. Des vies furent perdues.<\/p>\n<p>&nbsp;<\/p>\n<p>Jebel Kujur h\u00e9berge quelques familles qui cultivent la terre \u00e0 flanc de montagne et travaillent aussi comme concasseurs, manuellement. Elles disposent de petits monts de pierres \u00e0 vendre en bord de route.<\/p>\n<p>&nbsp;<\/p>\n<p>Le nom original de Jebel Kujur \u00e9tait Korok. Avec l&rsquo;arriv\u00e9e des Arabes nord soudanais dans la r\u00e9gion, son nom usuel est devenu Kujur (\u00ab\u00a0sorcellerie\u00a0\u00bb en arabe), en r\u00e9f\u00e9rence aux rituels soi-disant pratiqu\u00e9s dans la montagne. Le Jebel est le sujet de r\u00e9cits et de l\u00e9gendes connus des anciens. Chaque jour, lorsque le soleil descend derri\u00e8re lui, les couleurs de Jebel Kujur explosent en une mani\u00e8re de spectacle magique.<\/p>\n<div class=\"us_pages_bottom\" style=\"margin-top:50px;margin-bottom:50px;\"><div class=\"us_wrapper us_share_buttons us_tac us_skin_minimal\" data-text=\"Juba in the Making\" data-url=\"http:\/\/jubainthemaking.com\/fr\/wp-json\/wp\/v2\/pages\/5604\" data-ajaxnetworks=\"facebook,linkedin\"><div class=\"us_facebook us_first us_button\"><a class=\"us_box\" href=\"#\"><div class=\"us_share\"><i class=\"us-icon-facebook\"><\/i><\/div><div class=\"us_count\"><\/div><\/a><\/div><div class=\"us_twitter us_no_count us_button\"><a class=\"us_box\" href=\"#\"><div class=\"us_share\"><i class=\"us-icon-twitter\"><\/i><\/div><\/a><\/div><div class=\"us_linkedin us_last us_button\"><a class=\"us_box\" href=\"#\"><div class=\"us_share\"><i class=\"us-icon-linkedin\"><\/i><\/div><div class=\"us_count\"><\/div><\/a><\/div><\/div><\/div>","protected":false},"excerpt":{"rendered":"<p>O\u00f9 que vous soyez \u00e0 Juba, Jebel Kujur plane sur le paysage, avec sa forme singuli\u00e8rement allong\u00e9e. D&rsquo;une altitude de 684m, la montagne ressemble \u00e0 un morceau de roche poussi\u00e9reux lors de la saison s\u00e8che, et se transforme en colline verte et luxuriante lorsque viennent les pluies. Elle se tenait loin de la ville, dans &hellip; <a href=\"https:\/\/jubainthemaking.com\/fr\/jebel-kudjur\/\">Continued<\/a><\/p>\n","protected":false},"author":5,"featured_media":5241,"parent":0,"menu_order":0,"comment_status":"closed","ping_status":"closed","template":"template-landing-station.php","meta":{"_links_to":"","_links_to_target":""},"_links":{"self":[{"href":"https:\/\/jubainthemaking.com\/fr\/wp-json\/wp\/v2\/pages\/5604\/"}],"collection":[{"href":"https:\/\/jubainthemaking.com\/fr\/wp-json\/wp\/v2\/pages\/"}],"about":[{"href":"https:\/\/jubainthemaking.com\/fr\/wp-json\/wp\/v2\/types\/page\/"}],"author":[{"embeddable":true,"href":"https:\/\/jubainthemaking.com\/fr\/wp-json\/wp\/v2\/users\/5\/"}],"replies":[{"embeddable":true,"href":"https:\/\/jubainthemaking.com\/fr\/wp-json\/wp\/v2\/comments\/?post=5604"}],"version-history":[{"count":6,"href":"https:\/\/jubainthemaking.com\/fr\/wp-json\/wp\/v2\/pages\/5604\/revisions\/"}],"predecessor-version":[{"id":6009,"href":"https:\/\/jubainthemaking.com\/fr\/wp-json\/wp\/v2\/pages\/5604\/revisions\/6009\/"}],"wp:featuredmedia":[{"embeddable":true,"href":"https:\/\/jubainthemaking.com\/fr\/wp-json\/wp\/v2\/media\/5241\/"}],"wp:attachment":[{"href":"https:\/\/jubainthemaking.com\/fr\/wp-json\/wp\/v2\/media\/?parent=5604"}],"curies":[{"name":"wp","href":"https:\/\/api.w.org\/{rel}","templated":true}]}}