{"id":5599,"date":"2018-06-18T15:10:59","date_gmt":"2018-06-18T13:10:59","guid":{"rendered":"http:\/\/jubainthemaking.com\/new\/?page_id=5599"},"modified":"2018-09-30T12:35:33","modified_gmt":"2018-09-30T10:35:33","slug":"hai-neem","status":"publish","type":"page","link":"https:\/\/jubainthemaking.com\/fr\/hai-neem\/","title":{"rendered":"Hai Neem"},"content":{"rendered":"<p>Le premier gratte-ciel de Juba tr\u00f4ne \u00e0 Hai Neem. L&rsquo;Equatoria Tower, un immeuble de 12 \u00e9tages et 45m de haut, a commenc\u00e9 \u00e0 \u00eatre \u00e9rig\u00e9e en 2012 et devait \u00eatre ouverte en 2013. Mais \u00e0 cause de la crise au Soudan du Sud, ce n&rsquo;est qu&rsquo;en 2017 qu&rsquo;elle a pu entrer en fonctionnement. Elle accueille des bureaux d&rsquo;ONG et d&rsquo;entreprises.<\/p>\n<p>&nbsp;<\/p>\n<p>A quelques pas de la tour, de vieilles maisons en brique appartiennent \u00e0 des temps lointains, lorsque le Soudan \u00e9tait une colonie anglo-\u00e9gyptienne. Elles ont probablement \u00e9t\u00e9 construites dans les ann\u00e9es 1940, et servaient de logement \u00e0 des fonctionnaires de l&rsquo;administration coloniale. Elles sont aujourd&rsquo;hui occup\u00e9es par des fonctionnaires sud soudanais.<\/p>\n<p>&nbsp;<\/p>\n<p>Au c\u0153ur du quartier de Hai Neem, le Youth Training Centre fut construit en 1974, apr\u00e8s l&rsquo;Accord d&rsquo;Addis Abeba et l&rsquo;\u00e9tablissement du Gouvernement R\u00e9gional du Sud Soudan. Suivant les stipulations de l&rsquo;accord de paix, des centres similaires d\u00e9di\u00e9s \u00e0 la jeunesse furent b\u00e2tis dans les villes de Wau et Malakal, ainsi que d&rsquo;autres b\u00e2timents d\u00e9di\u00e9s \u00e0 des institutions publiques \u00e0 Juba, telles que le complexe des minist\u00e8res, le parlement national ou encore le <span style=\"color: #ffcc00;\"><a style=\"color: #ffcc00;\" href=\"http:\/\/jubainthemaking.com\/fr\/nyakuron-cultural-centre\/\">Nyakuron Cultural Centre<\/a><\/span>. Le Youth Training Centre est un lieu unique dans la capitale, proposant en acc\u00e8s libre des activit\u00e9s pour les enfants et les jeunes.<\/p>\n<div class=\"us_pages_bottom\" style=\"margin-top:50px;margin-bottom:50px;\"><div class=\"us_wrapper us_share_buttons us_tac us_skin_minimal\" data-text=\"Juba in the Making\" data-url=\"http:\/\/jubainthemaking.com\/fr\/wp-json\/wp\/v2\/pages\/5599\" data-ajaxnetworks=\"facebook,linkedin\"><div class=\"us_facebook us_first us_button\"><a class=\"us_box\" href=\"#\"><div class=\"us_share\"><i class=\"us-icon-facebook\"><\/i><\/div><div class=\"us_count\"><\/div><\/a><\/div><div class=\"us_twitter us_no_count us_button\"><a class=\"us_box\" href=\"#\"><div class=\"us_share\"><i class=\"us-icon-twitter\"><\/i><\/div><\/a><\/div><div class=\"us_linkedin us_last us_button\"><a class=\"us_box\" href=\"#\"><div class=\"us_share\"><i class=\"us-icon-linkedin\"><\/i><\/div><div class=\"us_count\"><\/div><\/a><\/div><\/div><\/div>","protected":false},"excerpt":{"rendered":"<p>Le premier gratte-ciel de Juba tr\u00f4ne \u00e0 Hai Neem. L&rsquo;Equatoria Tower, un immeuble de 12 \u00e9tages et 45m de haut, a commenc\u00e9 \u00e0 \u00eatre \u00e9rig\u00e9e en 2012 et devait \u00eatre ouverte en 2013. Mais \u00e0 cause de la crise au Soudan du Sud, ce n&rsquo;est qu&rsquo;en 2017 qu&rsquo;elle a pu entrer en fonctionnement. Elle accueille &hellip; <a href=\"https:\/\/jubainthemaking.com\/fr\/hai-neem\/\">Continued<\/a><\/p>\n","protected":false},"author":5,"featured_media":5209,"parent":0,"menu_order":0,"comment_status":"closed","ping_status":"closed","template":"template-landing-station.php","meta":{"_links_to":"","_links_to_target":""},"_links":{"self":[{"href":"https:\/\/jubainthemaking.com\/fr\/wp-json\/wp\/v2\/pages\/5599\/"}],"collection":[{"href":"https:\/\/jubainthemaking.com\/fr\/wp-json\/wp\/v2\/pages\/"}],"about":[{"href":"https:\/\/jubainthemaking.com\/fr\/wp-json\/wp\/v2\/types\/page\/"}],"author":[{"embeddable":true,"href":"https:\/\/jubainthemaking.com\/fr\/wp-json\/wp\/v2\/users\/5\/"}],"replies":[{"embeddable":true,"href":"https:\/\/jubainthemaking.com\/fr\/wp-json\/wp\/v2\/comments\/?post=5599"}],"version-history":[{"count":5,"href":"https:\/\/jubainthemaking.com\/fr\/wp-json\/wp\/v2\/pages\/5599\/revisions\/"}],"predecessor-version":[{"id":6005,"href":"https:\/\/jubainthemaking.com\/fr\/wp-json\/wp\/v2\/pages\/5599\/revisions\/6005\/"}],"wp:featuredmedia":[{"embeddable":true,"href":"https:\/\/jubainthemaking.com\/fr\/wp-json\/wp\/v2\/media\/5209\/"}],"wp:attachment":[{"href":"https:\/\/jubainthemaking.com\/fr\/wp-json\/wp\/v2\/media\/?parent=5599"}],"curies":[{"name":"wp","href":"https:\/\/api.w.org\/{rel}","templated":true}]}}