{"id":5594,"date":"2018-06-18T15:17:05","date_gmt":"2018-06-18T13:17:05","guid":{"rendered":"http:\/\/jubainthemaking.com\/new\/?page_id=5594"},"modified":"2018-09-30T12:33:44","modified_gmt":"2018-09-30T10:33:44","slug":"hai-malakia","status":"publish","type":"page","link":"https:\/\/jubainthemaking.com\/fr\/hai-malakia\/","title":{"rendered":"Hai Malakia"},"content":{"rendered":"<p>Hai Malakia a \u00e9t\u00e9 construite par le gouvernement colonial anglo-\u00e9gyptien dans les ann\u00e9es 1930, pour loger les travailleurs qui \u00e9taient venus b\u00e2tir la ville moderne. Ces travailleurs s&rsquo;\u00e9taient initialement install\u00e9s dans un lieu nomm\u00e9 Burseki (\u00ab\u00a0serrez-vous\u00a0\u00bb en bari), sur les terres o\u00f9 <span style=\"color: #ffcc00;\"><a style=\"color: #ffcc00;\" href=\"http:\/\/jubainthemaking.com\/fr\/juba-international-airport\/\">l&rsquo;a\u00e9roport<\/a><\/span> a commenc\u00e9 \u00e0 \u00eatre construit en 1925. Lorsque l&rsquo;a\u00e9roport a \u00e9t\u00e9 compl\u00e9t\u00e9, en 1934, ils ont \u00e9t\u00e9 relog\u00e9s dans le quartier de Malakia.<\/p>\n<p>&nbsp;<\/p>\n<p>Les premiers r\u00e9sidents de Malakia venaient de diff\u00e9rentes communaut\u00e9s des parties sud et nord du Soudan, et ont d\u00e9velopp\u00e9 un mode de vie urbain unique \u00e0 Juba, marqu\u00e9 par la tol\u00e9rance religieuse. Le nom du quartier le lie \u00e0 de plus anciennes Malakyias au Soudan et en Afrique de l&rsquo;Est, o\u00f9 des soldats-esclaves se sont install\u00e9s apr\u00e8s avoir \u00e9t\u00e9 laiss\u00e9s sur place par l&rsquo;arm\u00e9e turco-\u00e9gyptienne, lors de campagnes militaires au 19e si\u00e8cle.<\/p>\n<p>&nbsp;<\/p>\n<p>Les autorit\u00e9s coloniales qualifiaient \u00e9galement ce quartier de \u00ab\u00a0Native Quarters\u00a0\u00bb. Malakia \u00e9tait le lieu o\u00f9 les populations dites \u00ab natives \u00bb du sud du Soudan \u00e9taient log\u00e9es, par opposition \u00e0 la partie plus ancienne de la ville, au nord de la rivi\u00e8re Khor Bou, o\u00f9 les <span style=\"color: #ffcc00;\"><a style=\"color: #ffcc00;\" href=\"http:\/\/jubainthemaking.com\/fr\/juba-town\/\">officiels coloniaux<\/a><\/span> et les <span style=\"color: #ffcc00;\"><a style=\"color: #ffcc00;\" href=\"http:\/\/jubainthemaking.com\/fr\/juba-town-hai-jallaba\/\">commer\u00e7ants \u00e9trangers<\/a><\/span> habitaient.<\/p>\n<p>&nbsp;<\/p>\n<p>Le quartier s&rsquo;est agrandi sur ses alentours dans les ann\u00e9es 1950. Les r\u00e9sidents durent \u00eatre relog\u00e9s dans des zones adjacentes \u00e0 Malakia suite \u00e0 la mise en place de nouveaux crit\u00e8res de classement des logements, ainsi que l&rsquo;ouverture de nouvelles routes. Hai Kosti et Hai Malakal dans les ann\u00e9es 1950, <span style=\"color: #ffcc00;\"><a style=\"color: #ffcc00;\" href=\"http:\/\/jubainthemaking.com\/fr\/kator\/\">Kator<\/a><\/span> et Atlabara dans les ann\u00e9es 1960, furent peupl\u00e9s par des r\u00e9sidents de Malakia d\u00e9log\u00e9s car ils ne pouvaient pas mettre leurs maisons \u00e0 niveau.<\/p>\n<p>&nbsp;<\/p>\n<p>Jusqu&rsquo;\u00e0 ce jour, Hai Malakia a conserv\u00e9 sa culture unique et la diversit\u00e9 de sa population, qui inclut des personnes d&rsquo;origine nord soudanaise mais qui sont n\u00e9es et ont grandi \u00e0 Malakia, et sont de fait des Sud Soudanais \u00ab\u00a0natifs\u00a0\u00bb.<\/p>\n<p>&nbsp;<\/p>\n<p><em>Note: Pour aller plus loin, vous pouvez lire cet article (en anglais) de\u00a0Shuichiro Nakao : \u00ab\u00a0A History from Below: Malakia in Juba, South Sudan c. 1927-1954\u00a0\u00bb, publi\u00e9 en 2013 dans le Journal of Sophia Asian Studies. Il est accessible <span style=\"color: #ffcc00;\"><a style=\"color: #ffcc00;\" href=\"http:\/\/www.academia.edu\/6864283\/Nakao_Shuichiro_2013_A_History_from_Below_Malakia_in_Juba_South_Sudan_c._1927-1954_The_Journal_of_Sophia_Asian_Studies_31_pp._139-160\" target=\"_blank\" rel=\"noopener\">ici.<\/a><\/span>\u00a0<\/em><\/p>\n<div class=\"us_pages_bottom\" style=\"margin-top:50px;margin-bottom:50px;\"><div class=\"us_wrapper us_share_buttons us_tac us_skin_minimal\" data-text=\"Juba in the Making\" data-url=\"http:\/\/jubainthemaking.com\/fr\/wp-json\/wp\/v2\/pages\/5594\" data-ajaxnetworks=\"facebook,linkedin\"><div class=\"us_facebook us_first us_button\"><a class=\"us_box\" href=\"#\"><div class=\"us_share\"><i class=\"us-icon-facebook\"><\/i><\/div><div class=\"us_count\"><\/div><\/a><\/div><div class=\"us_twitter us_no_count us_button\"><a class=\"us_box\" href=\"#\"><div class=\"us_share\"><i class=\"us-icon-twitter\"><\/i><\/div><\/a><\/div><div class=\"us_linkedin us_last us_button\"><a class=\"us_box\" href=\"#\"><div class=\"us_share\"><i class=\"us-icon-linkedin\"><\/i><\/div><div class=\"us_count\"><\/div><\/a><\/div><\/div><\/div>","protected":false},"excerpt":{"rendered":"<p>Hai Malakia a \u00e9t\u00e9 construite par le gouvernement colonial anglo-\u00e9gyptien dans les ann\u00e9es 1930, pour loger les travailleurs qui \u00e9taient venus b\u00e2tir la ville moderne. Ces travailleurs s&rsquo;\u00e9taient initialement install\u00e9s dans un lieu nomm\u00e9 Burseki (\u00ab\u00a0serrez-vous\u00a0\u00bb en bari), sur les terres o\u00f9 l&rsquo;a\u00e9roport a commenc\u00e9 \u00e0 \u00eatre construit en 1925. Lorsque l&rsquo;a\u00e9roport a \u00e9t\u00e9 compl\u00e9t\u00e9, &hellip; <a href=\"https:\/\/jubainthemaking.com\/fr\/hai-malakia\/\">Continued<\/a><\/p>\n","protected":false},"author":5,"featured_media":5159,"parent":0,"menu_order":0,"comment_status":"closed","ping_status":"closed","template":"template-landing-station.php","meta":{"_links_to":"","_links_to_target":""},"_links":{"self":[{"href":"https:\/\/jubainthemaking.com\/fr\/wp-json\/wp\/v2\/pages\/5594\/"}],"collection":[{"href":"https:\/\/jubainthemaking.com\/fr\/wp-json\/wp\/v2\/pages\/"}],"about":[{"href":"https:\/\/jubainthemaking.com\/fr\/wp-json\/wp\/v2\/types\/page\/"}],"author":[{"embeddable":true,"href":"https:\/\/jubainthemaking.com\/fr\/wp-json\/wp\/v2\/users\/5\/"}],"replies":[{"embeddable":true,"href":"https:\/\/jubainthemaking.com\/fr\/wp-json\/wp\/v2\/comments\/?post=5594"}],"version-history":[{"count":11,"href":"https:\/\/jubainthemaking.com\/fr\/wp-json\/wp\/v2\/pages\/5594\/revisions\/"}],"predecessor-version":[{"id":6001,"href":"https:\/\/jubainthemaking.com\/fr\/wp-json\/wp\/v2\/pages\/5594\/revisions\/6001\/"}],"wp:featuredmedia":[{"embeddable":true,"href":"https:\/\/jubainthemaking.com\/fr\/wp-json\/wp\/v2\/media\/5159\/"}],"wp:attachment":[{"href":"https:\/\/jubainthemaking.com\/fr\/wp-json\/wp\/v2\/media\/?parent=5594"}],"curies":[{"name":"wp","href":"https:\/\/api.w.org\/{rel}","templated":true}]}}