{"id":5589,"date":"2018-06-18T15:12:43","date_gmt":"2018-06-18T13:12:43","guid":{"rendered":"http:\/\/jubainthemaking.com\/new\/?page_id=5589"},"modified":"2018-09-30T12:32:18","modified_gmt":"2018-09-30T10:32:18","slug":"hai-malakal-cemetery","status":"publish","type":"page","link":"https:\/\/jubainthemaking.com\/fr\/hai-malakal-cemetery\/","title":{"rendered":"Hai Malakal Cemetery"},"content":{"rendered":"<p>Le panneau \u00e0 l&rsquo;entr\u00e9e de la partie musulmane du cimeti\u00e8re de Hai Malakal mentionne qu&rsquo;il fut ouvert en 1940. C&rsquo;est un grand cimeti\u00e8re qui comprend deux sections s\u00e9par\u00e9es, pour les chr\u00e9tiens et les musulmans. La zone est entour\u00e9e d&rsquo;h\u00f4tels construits depuis 2005, lorsque la paix a attis\u00e9 l&rsquo;int\u00e9r\u00eat de promoteurs immobiliers et de compagnies h\u00f4teli\u00e8res, dans une ville qui avait des infrastructures limit\u00e9es. Le premier h\u00f4tel cinq \u00e9toiles de la capitale a ouvert ses portes en 2018 apr\u00e8s des ann\u00e9es de retard dues \u00e0 la guerre civile. Il se tient juste en face de la rue du cimeti\u00e8re de Hai Malakal, dans lequel des communaut\u00e9s d\u00e9plac\u00e9es ont \u00e9tabli un quartier informel, parmi les tombes.<\/p>\n<div class=\"us_pages_bottom\" style=\"margin-top:50px;margin-bottom:50px;\"><div class=\"us_wrapper us_share_buttons us_tac us_skin_minimal\" data-text=\"Juba in the Making\" data-url=\"http:\/\/jubainthemaking.com\/fr\/wp-json\/wp\/v2\/pages\/5589\" data-ajaxnetworks=\"facebook,linkedin\"><div class=\"us_facebook us_first us_button\"><a class=\"us_box\" href=\"#\"><div class=\"us_share\"><i class=\"us-icon-facebook\"><\/i><\/div><div class=\"us_count\"><\/div><\/a><\/div><div class=\"us_twitter us_no_count us_button\"><a class=\"us_box\" href=\"#\"><div class=\"us_share\"><i class=\"us-icon-twitter\"><\/i><\/div><\/a><\/div><div class=\"us_linkedin us_last us_button\"><a class=\"us_box\" href=\"#\"><div class=\"us_share\"><i class=\"us-icon-linkedin\"><\/i><\/div><div class=\"us_count\"><\/div><\/a><\/div><\/div><\/div>","protected":false},"excerpt":{"rendered":"<p>Le panneau \u00e0 l&rsquo;entr\u00e9e de la partie musulmane du cimeti\u00e8re de Hai Malakal mentionne qu&rsquo;il fut ouvert en 1940. C&rsquo;est un grand cimeti\u00e8re qui comprend deux sections s\u00e9par\u00e9es, pour les chr\u00e9tiens et les musulmans. La zone est entour\u00e9e d&rsquo;h\u00f4tels construits depuis 2005, lorsque la paix a attis\u00e9 l&rsquo;int\u00e9r\u00eat de promoteurs immobiliers et de compagnies h\u00f4teli\u00e8res, &hellip; <a href=\"https:\/\/jubainthemaking.com\/fr\/hai-malakal-cemetery\/\">Continued<\/a><\/p>\n","protected":false},"author":5,"featured_media":5149,"parent":0,"menu_order":0,"comment_status":"closed","ping_status":"closed","template":"template-landing-station.php","meta":{"_links_to":"","_links_to_target":""},"_links":{"self":[{"href":"https:\/\/jubainthemaking.com\/fr\/wp-json\/wp\/v2\/pages\/5589\/"}],"collection":[{"href":"https:\/\/jubainthemaking.com\/fr\/wp-json\/wp\/v2\/pages\/"}],"about":[{"href":"https:\/\/jubainthemaking.com\/fr\/wp-json\/wp\/v2\/types\/page\/"}],"author":[{"embeddable":true,"href":"https:\/\/jubainthemaking.com\/fr\/wp-json\/wp\/v2\/users\/5\/"}],"replies":[{"embeddable":true,"href":"https:\/\/jubainthemaking.com\/fr\/wp-json\/wp\/v2\/comments\/?post=5589"}],"version-history":[{"count":5,"href":"https:\/\/jubainthemaking.com\/fr\/wp-json\/wp\/v2\/pages\/5589\/revisions\/"}],"predecessor-version":[{"id":5997,"href":"https:\/\/jubainthemaking.com\/fr\/wp-json\/wp\/v2\/pages\/5589\/revisions\/5997\/"}],"wp:featuredmedia":[{"embeddable":true,"href":"https:\/\/jubainthemaking.com\/fr\/wp-json\/wp\/v2\/media\/5149\/"}],"wp:attachment":[{"href":"https:\/\/jubainthemaking.com\/fr\/wp-json\/wp\/v2\/media\/?parent=5589"}],"curies":[{"name":"wp","href":"https:\/\/api.w.org\/{rel}","templated":true}]}}