{"id":5579,"date":"2018-06-18T15:28:23","date_gmt":"2018-06-18T13:28:23","guid":{"rendered":"http:\/\/jubainthemaking.com\/new\/?page_id=5579"},"modified":"2018-09-30T12:20:58","modified_gmt":"2018-09-30T10:20:58","slug":"hai-cinema","status":"publish","type":"page","link":"https:\/\/jubainthemaking.com\/fr\/hai-cinema\/","title":{"rendered":"Hai Cinema"},"content":{"rendered":"<p>Ceux qui ont v\u00e9cu les ann\u00e9es o\u00f9 le cin\u00e9ma \u00e9tait en fonctionnement gardent des souvenirs chaleureux de soir\u00e9es cin\u00e9 populaires et de westerns am\u00e9ricains. Etabli par un marchant grec dans les ann\u00e9es 1960, le cin\u00e9ma a connu son apog\u00e9e pendant la p\u00e9riode de paix cr\u00e9\u00e9e par l&rsquo;Accord d&rsquo;Addis Abeba (de 1972 \u00e0 1983), mais il a ferm\u00e9 apr\u00e8s le d\u00e9but de la seconde guerre civile soudanaise en 1983. Son propri\u00e9taire a quitt\u00e9 Juba. Le b\u00e2timent est rest\u00e9 plus ou moins vacant jusqu&rsquo;en 2005, lorsque l&rsquo;Accord de Paix Global (CPA) a ouvert une nouvelle \u00e8re de d\u00e9veloppement pour la ville et le pays dans son ensemble. Un homme d&rsquo;affaires a achet\u00e9 les locaux et les a transform\u00e9s en une \u00e9glise, St. Emmanuel Jieng Parish, une congr\u00e9gation anglicane dont les membres appartiennent \u00e0 la communaut\u00e9 Bor Dinka. Mais en d\u00e9pit de la disparition du cin\u00e9ma, le quartier lui reste identifi\u00e9 et est toujours connu comme Hai Cinema, le quartier du cin\u00e9ma.<\/p>\n<p>&nbsp;<\/p>\n<p>Si vous vous dirigez vers l&rsquo;ouest sur environ 400m, sur la route qui marque le d\u00e9but de Hai Malakal, vous trouvez le rond-point Mobil, surmont\u00e9 d&rsquo;une statue repr\u00e9sentant Jubek, l&rsquo;homme consid\u00e9r\u00e9 comme le p\u00e8re fondateur de Juba (et dont la <span style=\"color: #ffcc00;\"><a style=\"color: #ffcc00;\" href=\"http:\/\/jubainthemaking.com\/fr\/jubek-grave\/\">tombe<\/a><\/span> n&rsquo;est pas tr\u00e8s loin d&rsquo;ici).<\/p>\n<p>&nbsp;<\/p>\n<p>L&rsquo;une des \u00e9glises les plus c\u00e9l\u00e8bres de Juba se trouve ici. La cath\u00e9drale All Saints, un \u00e9glise anglicane appartenant \u00e0 l&rsquo;Eglise Episcopale du Soudan du Sud, a \u00e9t\u00e9 construite en 1959. Elle tient des messes quotidiennes, en anglais, en arabe et dans d&rsquo;autres langues sud soudanaises. C&rsquo;est ici que les fun\u00e9railles de John Garang de Mabior ont eu lieu en ao\u00fbt 2005, avant qu&rsquo;il soit enterr\u00e9 dans ce qui est maintenant le <span style=\"color: #ffcc00;\"><a style=\"color: #ffcc00;\" href=\"http:\/\/jubainthemaking.com\/fr\/garang-mausoleum\/\">Mausol\u00e9e de John Garang<\/a><\/span>. La cath\u00e9drale All Saints est devenue un refuge pour plus d&rsquo;un millier de citoyens de Juba fuyant les combats de juillet 2016 entre les forces de Riek Machar et celles du gouvernement. Des \u00e9v\u00eaques anglicans, soutenus par l&rsquo;Archev\u00eaque de Canterbury, ont appel\u00e9 \u00e0 la cessation des hostilit\u00e9s tout en apportant de l&rsquo;aide humanitaire aux d\u00e9plac\u00e9s.<\/p>\n<div class=\"us_pages_bottom\" style=\"margin-top:50px;margin-bottom:50px;\"><div class=\"us_wrapper us_share_buttons us_tac us_skin_minimal\" data-text=\"Juba in the Making\" data-url=\"http:\/\/jubainthemaking.com\/fr\/wp-json\/wp\/v2\/pages\/5579\/\" data-ajaxnetworks=\"facebook,linkedin\"><div class=\"us_facebook us_first us_button\"><a class=\"us_box\" href=\"#\"><div class=\"us_share\"><i class=\"us-icon-facebook\"><\/i><\/div><div class=\"us_count\"><\/div><\/a><\/div><div class=\"us_twitter us_no_count us_button\"><a class=\"us_box\" href=\"#\"><div class=\"us_share\"><i class=\"us-icon-twitter\"><\/i><\/div><\/a><\/div><div class=\"us_linkedin us_last us_button\"><a class=\"us_box\" href=\"#\"><div class=\"us_share\"><i class=\"us-icon-linkedin\"><\/i><\/div><div class=\"us_count\"><\/div><\/a><\/div><\/div><\/div>","protected":false},"excerpt":{"rendered":"<p>Ceux qui ont v\u00e9cu les ann\u00e9es o\u00f9 le cin\u00e9ma \u00e9tait en fonctionnement gardent des souvenirs chaleureux de soir\u00e9es cin\u00e9 populaires et de westerns am\u00e9ricains. Etabli par un marchant grec dans les ann\u00e9es 1960, le cin\u00e9ma a connu son apog\u00e9e pendant la p\u00e9riode de paix cr\u00e9\u00e9e par l&rsquo;Accord d&rsquo;Addis Abeba (de 1972 \u00e0 1983), mais il &hellip; <a href=\"https:\/\/jubainthemaking.com\/fr\/hai-cinema\/\">Continued<\/a><\/p>\n","protected":false},"author":5,"featured_media":5093,"parent":0,"menu_order":0,"comment_status":"closed","ping_status":"closed","template":"template-landing-station.php","meta":{"_links_to":"","_links_to_target":""},"_links":{"self":[{"href":"https:\/\/jubainthemaking.com\/fr\/wp-json\/wp\/v2\/pages\/5579\/"}],"collection":[{"href":"https:\/\/jubainthemaking.com\/fr\/wp-json\/wp\/v2\/pages\/"}],"about":[{"href":"https:\/\/jubainthemaking.com\/fr\/wp-json\/wp\/v2\/types\/page\/"}],"author":[{"embeddable":true,"href":"https:\/\/jubainthemaking.com\/fr\/wp-json\/wp\/v2\/users\/5\/"}],"replies":[{"embeddable":true,"href":"https:\/\/jubainthemaking.com\/fr\/wp-json\/wp\/v2\/comments\/?post=5579"}],"version-history":[{"count":5,"href":"https:\/\/jubainthemaking.com\/fr\/wp-json\/wp\/v2\/pages\/5579\/revisions\/"}],"predecessor-version":[{"id":5989,"href":"https:\/\/jubainthemaking.com\/fr\/wp-json\/wp\/v2\/pages\/5579\/revisions\/5989\/"}],"wp:featuredmedia":[{"embeddable":true,"href":"https:\/\/jubainthemaking.com\/fr\/wp-json\/wp\/v2\/media\/5093\/"}],"wp:attachment":[{"href":"https:\/\/jubainthemaking.com\/fr\/wp-json\/wp\/v2\/media\/?parent=5579"}],"curies":[{"name":"wp","href":"https:\/\/api.w.org\/{rel}","templated":true}]}}