{"id":5569,"date":"2018-06-18T15:36:34","date_gmt":"2018-06-18T13:36:34","guid":{"rendered":"http:\/\/jubainthemaking.com\/new\/?page_id=5569"},"modified":"2018-09-30T12:18:56","modified_gmt":"2018-09-30T10:18:56","slug":"gurei","status":"publish","type":"page","link":"https:\/\/jubainthemaking.com\/fr\/gurei\/","title":{"rendered":"Gurei"},"content":{"rendered":"<p>Mary Queen of the Apostols, une \u00e9glise catholique, est un point de rep\u00e8re \u00e0 Gurei, l&rsquo;un des quartiers r\u00e9cents et excentr\u00e9s de Juba.<\/p>\n<p>&nbsp;<\/p>\n<p>Pour arriver \u00e0 Gurei, vous devez vous diriger vers l&rsquo;ouest, \u00e0 partir du rond-point Seven Days, sur environ 15 km \u2013 vous allez traverser certains des quartiers les plus r\u00e9cents de Juba, o\u00f9 de nouveaux r\u00e9sidents et \u00ab\u00a0returnees\u00a0\u00bb (ceux qui sont revenus dans le pays apr\u00e8s la fin de la guerre avec le Soudan en 2005) se sont progressivement install\u00e9s. Gudele 1 et 2 ont grandi entre 2005 et 2011, l&rsquo;ann\u00e9e o\u00f9 l&rsquo;ind\u00e9pendance du Soudan du Sud a \u00e9t\u00e9 d\u00e9clar\u00e9e. Apr\u00e8s Gudele 2, vous arrivez au Kobri Haboba (\u00ab\u00a0le pont de grand&rsquo;m\u00e8re\u00a0\u00bb en arabe), une zone qui \u00e9tait largement inhabit\u00e9e avant 2011. Selon des anciens de Juba, elle a \u00e9t\u00e9 nomm\u00e9e en r\u00e9f\u00e9rence \u00e0 la premi\u00e8re femme qui s&rsquo;est install\u00e9e l\u00e0. Juste apr\u00e8s avoir travers\u00e9 Kobri Haboba, vous \u00eates arriv\u00e9s \u00e0 Gurei. \u00ab\u00a0Gurei\u00a0\u00bb est le nom d&rsquo;un oiseau gris en bari.<\/p>\n<p>&nbsp;<\/p>\n<p>La vie n&rsquo;est pas facile \u00e0 Gurei. Pour aller dans le centre de Juba en transports en commun, il faut non moins de trois heures aller-retour. Si vous ne pouvez pas allez faire vos courses alimentaires dans le centre ville, vous devez vous rabattre sur les quelques \u00e9tals en bord de route, offrant des l\u00e9gumes \u00e0 des prix excessifs. Nous sommes \u00e0 25km du Nil, et encore plus loin du <span style=\"color: #ffcc00;\"><a style=\"color: #ffcc00;\" href=\"http:\/\/jubainthemaking.com\/fr\/konyo-konyo-market\/\">march\u00e9 de Konyo Konyo<\/a><\/span>. Toute chose devient plus ch\u00e8re lorsqu&rsquo;elle arrive \u00e0 Gurei. Les camions de livraison d&rsquo;eau font le chemin depuis les <span style=\"color: #ffcc00;\"><a style=\"color: #ffcc00;\" href=\"http:\/\/jubainthemaking.com\/fr\/hai-gabat\">stations de pompage<\/a><\/span> install\u00e9es au bord de la rivi\u00e8re, et incorporent le surplus de carburant qu&rsquo;ils utilisent dans le prix de chaque baril d&rsquo;eau. Des r\u00e9servoirs d&rsquo;eau collectifs ont \u00e9t\u00e9 mis en place avec le soutien d&rsquo;organisations internationales pour t\u00e2cher de faciliter l&rsquo;acc\u00e8s \u00e0 l&rsquo;eau.<\/p>\n<p>&nbsp;<\/p>\n<p>Comme d&rsquo;autres quartiers, Gurei est ravag\u00e9 par le ch\u00f4mage, la pauvret\u00e9 et le manque de nourriture. Au Centre de sant\u00e9 primaire de Gurei, le Minist\u00e8re de la sant\u00e9 et les organisations humanitaires traitent les m\u00e8res et les enfants atteints de malnutrition.<\/p>\n<div class=\"us_pages_bottom\" style=\"margin-top:50px;margin-bottom:50px;\"><div class=\"us_wrapper us_share_buttons us_tac us_skin_minimal\" data-text=\"Juba in the Making\" data-url=\"http:\/\/jubainthemaking.com\/fr\/wp-json\/wp\/v2\/pages\/5569\/\" data-ajaxnetworks=\"facebook,linkedin\"><div class=\"us_facebook us_first us_button\"><a class=\"us_box\" href=\"#\"><div class=\"us_share\"><i class=\"us-icon-facebook\"><\/i><\/div><div class=\"us_count\"><\/div><\/a><\/div><div class=\"us_twitter us_no_count us_button\"><a class=\"us_box\" href=\"#\"><div class=\"us_share\"><i class=\"us-icon-twitter\"><\/i><\/div><\/a><\/div><div class=\"us_linkedin us_last us_button\"><a class=\"us_box\" href=\"#\"><div class=\"us_share\"><i class=\"us-icon-linkedin\"><\/i><\/div><div class=\"us_count\"><\/div><\/a><\/div><\/div><\/div>","protected":false},"excerpt":{"rendered":"<p>Mary Queen of the Apostols, une \u00e9glise catholique, est un point de rep\u00e8re \u00e0 Gurei, l&rsquo;un des quartiers r\u00e9cents et excentr\u00e9s de Juba. &nbsp; Pour arriver \u00e0 Gurei, vous devez vous diriger vers l&rsquo;ouest, \u00e0 partir du rond-point Seven Days, sur environ 15 km \u2013 vous allez traverser certains des quartiers les plus r\u00e9cents de &hellip; <a href=\"https:\/\/jubainthemaking.com\/fr\/gurei\/\">Continued<\/a><\/p>\n","protected":false},"author":5,"featured_media":5069,"parent":0,"menu_order":0,"comment_status":"closed","ping_status":"closed","template":"template-landing-station.php","meta":{"_links_to":"","_links_to_target":""},"_links":{"self":[{"href":"https:\/\/jubainthemaking.com\/fr\/wp-json\/wp\/v2\/pages\/5569\/"}],"collection":[{"href":"https:\/\/jubainthemaking.com\/fr\/wp-json\/wp\/v2\/pages\/"}],"about":[{"href":"https:\/\/jubainthemaking.com\/fr\/wp-json\/wp\/v2\/types\/page\/"}],"author":[{"embeddable":true,"href":"https:\/\/jubainthemaking.com\/fr\/wp-json\/wp\/v2\/users\/5\/"}],"replies":[{"embeddable":true,"href":"https:\/\/jubainthemaking.com\/fr\/wp-json\/wp\/v2\/comments\/?post=5569"}],"version-history":[{"count":5,"href":"https:\/\/jubainthemaking.com\/fr\/wp-json\/wp\/v2\/pages\/5569\/revisions\/"}],"predecessor-version":[{"id":5985,"href":"https:\/\/jubainthemaking.com\/fr\/wp-json\/wp\/v2\/pages\/5569\/revisions\/5985\/"}],"wp:featuredmedia":[{"embeddable":true,"href":"https:\/\/jubainthemaking.com\/fr\/wp-json\/wp\/v2\/media\/5069\/"}],"wp:attachment":[{"href":"https:\/\/jubainthemaking.com\/fr\/wp-json\/wp\/v2\/media\/?parent=5569"}],"curies":[{"name":"wp","href":"https:\/\/api.w.org\/{rel}","templated":true}]}}