{"id":5566,"date":"2018-06-18T15:24:25","date_gmt":"2018-06-18T13:24:25","guid":{"rendered":"http:\/\/jubainthemaking.com\/new\/?page_id=5566"},"modified":"2018-09-30T12:02:10","modified_gmt":"2018-09-30T10:02:10","slug":"gumbo-sherikat","status":"publish","type":"page","link":"https:\/\/jubainthemaking.com\/fr\/gumbo-sherikat\/","title":{"rendered":"Gumbo Sherikat"},"content":{"rendered":"<p>Sur la rive Est du Nil Blanc, une nouvelle zone urbaine s&rsquo;est d\u00e9velopp\u00e9e depuis 2005 et la signature de l&rsquo;Accord de Paix Global (CPA), qui mit fin \u00e0 la guerre avec le Soudan, ouvrit la voie \u00e0 l&rsquo;ind\u00e9pendance du Soudan du Sud et attira des milliers de nouveaux r\u00e9sidents \u00e0 Juba. Ce vaste quartier s&rsquo;appelle Gumbo-Sherikat, un nom aux composantes Bari et Arabe: selon des anciens de Juba, Gumbo est en fait le nom Gumba mal orthographi\u00e9, celui d&rsquo;une femme qui vivait l\u00e0. Sherikat veut dire \u201ccompanies\u201d ou \u201centreprises\u201d en arabe.<\/p>\n<p>&nbsp;<\/p>\n<p>Aujourd&rsquo;hui dens\u00e9ment peupl\u00e9 et connu pour ses h\u00f4tels pas chers, Gumbo-Sherikat abrite aussi des entrep\u00f4ts, un march\u00e9 de gros pour les l\u00e9gumes, et plusieurs fermes chinoises construites le long du Nil. Leur produit agricole est principalement vendu \u00e0 la communaut\u00e9 chinoise de Juba et en particulier au contingent de casques bleus chinois de la Mission des Nations Unies au Soudan du Sud (UNMISS).<\/p>\n<p>&nbsp;<\/p>\n<p>La campagne environnante, qui semble parfaitement adapt\u00e9e \u00e0 l&rsquo;agriculture du fait de la proximit\u00e9 du fleuve, ne montre pourtant pas de signe de d\u00e9veloppement agricole significatif, fermes chinoises \u00e0 part. L&rsquo;ins\u00e9curit\u00e9 et la pr\u00e9sence incontr\u00f4l\u00e9e de b\u00e9tail sont cit\u00e9es comme les raisons principales de cette situation troublante. La zone s&rsquo;agrandit et devient officieusement \u00ab\u00a0Juba 2\u00a0\u00bb. De nombreux cas d&rsquo;accaparement des terres ont \u00e9t\u00e9 signal\u00e9s.<\/p>\n<div class=\"us_pages_bottom\" style=\"margin-top:50px;margin-bottom:50px;\"><div class=\"us_wrapper us_share_buttons us_tac us_skin_minimal\" data-text=\"Juba in the Making\" data-url=\"http:\/\/jubainthemaking.com\/fr\/wp-json\/wp\/v2\/pages\/5566\" data-ajaxnetworks=\"facebook,linkedin\"><div class=\"us_facebook us_first us_button\"><a class=\"us_box\" href=\"#\"><div class=\"us_share\"><i class=\"us-icon-facebook\"><\/i><\/div><div class=\"us_count\"><\/div><\/a><\/div><div class=\"us_twitter us_no_count us_button\"><a class=\"us_box\" href=\"#\"><div class=\"us_share\"><i class=\"us-icon-twitter\"><\/i><\/div><\/a><\/div><div class=\"us_linkedin us_last us_button\"><a class=\"us_box\" href=\"#\"><div class=\"us_share\"><i class=\"us-icon-linkedin\"><\/i><\/div><div class=\"us_count\"><\/div><\/a><\/div><\/div><\/div>","protected":false},"excerpt":{"rendered":"<p>Sur la rive Est du Nil Blanc, une nouvelle zone urbaine s&rsquo;est d\u00e9velopp\u00e9e depuis 2005 et la signature de l&rsquo;Accord de Paix Global (CPA), qui mit fin \u00e0 la guerre avec le Soudan, ouvrit la voie \u00e0 l&rsquo;ind\u00e9pendance du Soudan du Sud et attira des milliers de nouveaux r\u00e9sidents \u00e0 Juba. Ce vaste quartier s&rsquo;appelle &hellip; <a href=\"https:\/\/jubainthemaking.com\/fr\/gumbo-sherikat\/\">Continued<\/a><\/p>\n","protected":false},"author":5,"featured_media":5035,"parent":0,"menu_order":0,"comment_status":"closed","ping_status":"closed","template":"template-landing-station.php","meta":{"_links_to":"","_links_to_target":""},"_links":{"self":[{"href":"https:\/\/jubainthemaking.com\/fr\/wp-json\/wp\/v2\/pages\/5566\/"}],"collection":[{"href":"https:\/\/jubainthemaking.com\/fr\/wp-json\/wp\/v2\/pages\/"}],"about":[{"href":"https:\/\/jubainthemaking.com\/fr\/wp-json\/wp\/v2\/types\/page\/"}],"author":[{"embeddable":true,"href":"https:\/\/jubainthemaking.com\/fr\/wp-json\/wp\/v2\/users\/5\/"}],"replies":[{"embeddable":true,"href":"https:\/\/jubainthemaking.com\/fr\/wp-json\/wp\/v2\/comments\/?post=5566"}],"version-history":[{"count":3,"href":"https:\/\/jubainthemaking.com\/fr\/wp-json\/wp\/v2\/pages\/5566\/revisions\/"}],"predecessor-version":[{"id":5979,"href":"https:\/\/jubainthemaking.com\/fr\/wp-json\/wp\/v2\/pages\/5566\/revisions\/5979\/"}],"wp:featuredmedia":[{"embeddable":true,"href":"https:\/\/jubainthemaking.com\/fr\/wp-json\/wp\/v2\/media\/5035\/"}],"wp:attachment":[{"href":"https:\/\/jubainthemaking.com\/fr\/wp-json\/wp\/v2\/media\/?parent=5566"}],"curies":[{"name":"wp","href":"https:\/\/api.w.org\/{rel}","templated":true}]}}