{"id":5562,"date":"2018-06-18T15:26:25","date_gmt":"2018-06-18T13:26:25","guid":{"rendered":"http:\/\/jubainthemaking.com\/new\/?page_id=5562"},"modified":"2023-07-14T15:10:31","modified_gmt":"2023-07-14T13:10:31","slug":"freedom-bridge","status":"publish","type":"page","link":"https:\/\/jubainthemaking.com\/fr\/freedom-bridge\/","title":{"rendered":"Freedom Bridge"},"content":{"rendered":"<p>Le deuxi\u00e8me pont sur le Nil Blanc dans tout le Soudan du Sud a \u00e9t\u00e9 planifi\u00e9 depuis 2012 et la signature d&rsquo;un accord de coop\u00e9ration entre les gouvernements du Soudan du Sud et du Japon. Apr\u00e8s le d\u00e9clenchement de la guerre civile fin 2013, le projet a \u00e9t\u00e9 mis en suspens. C&rsquo;est seulement en mars 2015 que la construction de Freedom Bridge a \u00e9t\u00e9 inaugur\u00e9e par le pr\u00e9sident Salva Kiir. Ce projet d&rsquo;infrastructure d&rsquo;un co\u00fbt de 91 millions de dollars devait \u00eatre compl\u00e9t\u00e9 en 2018. Mais \u00e0 la suite d&rsquo;un autre \u00e9pisode violent \u00e0 Juba en juillet 2016, les travailleurs japonais on \u00e9t\u00e9 \u00e9vacu\u00e9s et la construction du pont mise en suspens encore une fois. D&rsquo;une longueur de 350m, ce pont vise \u00e0 r\u00e9duire la circulation sur le <span style=\"color: #ffcc00;\"><a style=\"color: #ffcc00;\" href=\"http:\/\/jubainthemaking.com\/fr\/juba-nile-bridge\/\">Juba Nile Bridge<\/a><\/span> \u2013 l&rsquo;unique pont sur le Nil dans tout le Soudan du Sud \u2013 et \u00e0 stimuler l&rsquo;activit\u00e9 \u00e9conomique de la r\u00e9gion.<\/p>\n<p>&nbsp;<\/p>\n<p>MISE \u00c0 JOUR DE LA STATION (14 JUILLET 2023)<\/p>\n<p>Le pont de la libert\u00e9 a \u00e9t\u00e9 inaugur\u00e9 par le pr\u00e9sident Salva Kiir le 19 mai 2022, aux c\u00f4t\u00e9s de responsables de la Japanese International Cooperation Agency (JICA) et de l&rsquo;ambassade du Japon. Raila Odinga, au nom de la commission des infrastructures de l&rsquo;Union africaine, a assist\u00e9 \u00e0 la c\u00e9r\u00e9monie, insistant sur le fait que le nouveau pont devrait contribuer au d\u00e9veloppement \u00e9conomique de toute la r\u00e9gion d&rsquo;Afrique de l&rsquo;Est. Une foule immense a c\u00e9l\u00e9br\u00e9 l&rsquo;ouverture du nouveau pont \u00e0 la circulation, esp\u00e9rant qu&rsquo;il r\u00e9duira les embouteillages pour traverser le Nil.<\/p>\n<div class=\"us_pages_bottom\" style=\"margin-top:50px;margin-bottom:50px;\"><div class=\"us_wrapper us_share_buttons us_tac us_skin_minimal\" data-text=\"Juba in the Making\" data-url=\"http:\/\/jubainthemaking.com\/fr\/wp-json\/wp\/v2\/pages\/5562\" data-ajaxnetworks=\"facebook,linkedin\"><div class=\"us_facebook us_first us_button\"><a class=\"us_box\" href=\"#\"><div class=\"us_share\"><i class=\"us-icon-facebook\"><\/i><\/div><div class=\"us_count\"><\/div><\/a><\/div><div class=\"us_twitter us_no_count us_button\"><a class=\"us_box\" href=\"#\"><div class=\"us_share\"><i class=\"us-icon-twitter\"><\/i><\/div><\/a><\/div><div class=\"us_linkedin us_last us_button\"><a class=\"us_box\" href=\"#\"><div class=\"us_share\"><i class=\"us-icon-linkedin\"><\/i><\/div><div class=\"us_count\"><\/div><\/a><\/div><\/div><\/div>","protected":false},"excerpt":{"rendered":"<p>Le deuxi\u00e8me pont sur le Nil Blanc dans tout le Soudan du Sud a \u00e9t\u00e9 planifi\u00e9 depuis 2012 et la signature d&rsquo;un accord de coop\u00e9ration entre les gouvernements du Soudan du Sud et du Japon. Apr\u00e8s le d\u00e9clenchement de la guerre civile fin 2013, le projet a \u00e9t\u00e9 mis en suspens. C&rsquo;est seulement en mars &hellip; <a href=\"https:\/\/jubainthemaking.com\/fr\/freedom-bridge\/\">Continued<\/a><\/p>\n","protected":false},"author":5,"featured_media":6160,"parent":0,"menu_order":0,"comment_status":"closed","ping_status":"closed","template":"template-landing-station.php","meta":{"_links_to":"","_links_to_target":""},"_links":{"self":[{"href":"https:\/\/jubainthemaking.com\/fr\/wp-json\/wp\/v2\/pages\/5562\/"}],"collection":[{"href":"https:\/\/jubainthemaking.com\/fr\/wp-json\/wp\/v2\/pages\/"}],"about":[{"href":"https:\/\/jubainthemaking.com\/fr\/wp-json\/wp\/v2\/types\/page\/"}],"author":[{"embeddable":true,"href":"https:\/\/jubainthemaking.com\/fr\/wp-json\/wp\/v2\/users\/5\/"}],"replies":[{"embeddable":true,"href":"https:\/\/jubainthemaking.com\/fr\/wp-json\/wp\/v2\/comments\/?post=5562"}],"version-history":[{"count":6,"href":"https:\/\/jubainthemaking.com\/fr\/wp-json\/wp\/v2\/pages\/5562\/revisions\/"}],"predecessor-version":[{"id":7764,"href":"https:\/\/jubainthemaking.com\/fr\/wp-json\/wp\/v2\/pages\/5562\/revisions\/7764\/"}],"wp:featuredmedia":[{"embeddable":true,"href":"https:\/\/jubainthemaking.com\/fr\/wp-json\/wp\/v2\/media\/6160\/"}],"wp:attachment":[{"href":"https:\/\/jubainthemaking.com\/fr\/wp-json\/wp\/v2\/media\/?parent=5562"}],"curies":[{"name":"wp","href":"https:\/\/api.w.org\/{rel}","templated":true}]}}