{"id":5559,"date":"2018-06-18T15:34:07","date_gmt":"2018-06-18T13:34:07","guid":{"rendered":"http:\/\/jubainthemaking.com\/new\/?page_id=5559"},"modified":"2018-09-30T11:57:22","modified_gmt":"2018-09-30T09:57:22","slug":"custom-market","status":"publish","type":"page","link":"https:\/\/jubainthemaking.com\/fr\/custom-market\/","title":{"rendered":"Custom Bus Park"},"content":{"rendered":"<p>Le quartier de Custom est situ\u00e9 \u00e0 environ 10 km du centre historique de Juba et des bords du Nil Blanc. Etabli dans les ann\u00e9es 1960, le quartier \u00e9tait initialement en-dehors des limites de la ville, jusqu&rsquo;\u00e0 ce qu&rsquo;une zone industrielle, Hai Mauna, ne soit d\u00e9velopp\u00e9e dans les ann\u00e9es 1970, plus loin sur la route qui m\u00e8ne \u00e0 la montagne, Jebel Kujur.<\/p>\n<p>&nbsp;<\/p>\n<p>Comme l&rsquo;indique son nom, Custom (\u00ab\u00a0douane\u00a0\u00bb en anglais) a \u00e9t\u00e9 \u00e9tabli comme poste de contr\u00f4le, o\u00f9 les marchandises entrant et sortant de Juba \u00e9taient inspect\u00e9es et tax\u00e9es. C&rsquo;\u00e9tait le point d&rsquo;entr\u00e9e dans Juba, et la derni\u00e8re station avant de rejoindre Yei, Kajo-Keji et les autres villes de la r\u00e9gion. Les b\u00e2timents en pierre d&rsquo;origine sont toujours debout et utilis\u00e9s par le Minist\u00e8re des infrastructures physiques et le d\u00e9partement du transport de l&rsquo;\u00e9tat de Jubek.<\/p>\n<p>&nbsp;<\/p>\n<p>Ce terminal de bus congestionn\u00e9 est aujourd&rsquo;hui le principal hub de transports publics \u00e0 Juba et au Soudan du Sud: les passagers voyageant au sein du pays par la route prennent leur bus \u00e0 Custom pour rejoindre diverses destinations r\u00e9gionales, parfois avec protection de l&rsquo;arm\u00e9e, du fait de l&rsquo;ins\u00e9curit\u00e9 qui s&rsquo;est install\u00e9e sur les routes du Soudan du Sud lors des quatre derni\u00e8res ann\u00e9es de guerre civile. Les travailleurs se d\u00e9pla\u00e7ant \u00e0 l&rsquo;int\u00e9rieur de la ville par les transports publics passent aussi par ici. Le march\u00e9 de Custom se trouve juste de l&rsquo;autre c\u00f4t\u00e9 de la route, en face du terminal de bus.<\/p>\n<div class=\"us_pages_bottom\" style=\"margin-top:50px;margin-bottom:50px;\"><div class=\"us_wrapper us_share_buttons us_tac us_skin_minimal\" data-text=\"Juba in the Making\" data-url=\"http:\/\/jubainthemaking.com\/fr\/wp-json\/wp\/v2\/pages\/5559\/\" data-ajaxnetworks=\"facebook,linkedin\"><div class=\"us_facebook us_first us_button\"><a class=\"us_box\" href=\"#\"><div class=\"us_share\"><i class=\"us-icon-facebook\"><\/i><\/div><div class=\"us_count\"><\/div><\/a><\/div><div class=\"us_twitter us_no_count us_button\"><a class=\"us_box\" href=\"#\"><div class=\"us_share\"><i class=\"us-icon-twitter\"><\/i><\/div><\/a><\/div><div class=\"us_linkedin us_last us_button\"><a class=\"us_box\" href=\"#\"><div class=\"us_share\"><i class=\"us-icon-linkedin\"><\/i><\/div><div class=\"us_count\"><\/div><\/a><\/div><\/div><\/div>","protected":false},"excerpt":{"rendered":"<p>Le quartier de Custom est situ\u00e9 \u00e0 environ 10 km du centre historique de Juba et des bords du Nil Blanc. Etabli dans les ann\u00e9es 1960, le quartier \u00e9tait initialement en-dehors des limites de la ville, jusqu&rsquo;\u00e0 ce qu&rsquo;une zone industrielle, Hai Mauna, ne soit d\u00e9velopp\u00e9e dans les ann\u00e9es 1970, plus loin sur la route &hellip; <a href=\"https:\/\/jubainthemaking.com\/fr\/custom-market\/\">Continued<\/a><\/p>\n","protected":false},"author":5,"featured_media":5029,"parent":0,"menu_order":0,"comment_status":"closed","ping_status":"closed","template":"template-landing-station.php","meta":{"_links_to":"","_links_to_target":""},"_links":{"self":[{"href":"https:\/\/jubainthemaking.com\/fr\/wp-json\/wp\/v2\/pages\/5559\/"}],"collection":[{"href":"https:\/\/jubainthemaking.com\/fr\/wp-json\/wp\/v2\/pages\/"}],"about":[{"href":"https:\/\/jubainthemaking.com\/fr\/wp-json\/wp\/v2\/types\/page\/"}],"author":[{"embeddable":true,"href":"https:\/\/jubainthemaking.com\/fr\/wp-json\/wp\/v2\/users\/5\/"}],"replies":[{"embeddable":true,"href":"https:\/\/jubainthemaking.com\/fr\/wp-json\/wp\/v2\/comments\/?post=5559"}],"version-history":[{"count":4,"href":"https:\/\/jubainthemaking.com\/fr\/wp-json\/wp\/v2\/pages\/5559\/revisions\/"}],"predecessor-version":[{"id":5971,"href":"https:\/\/jubainthemaking.com\/fr\/wp-json\/wp\/v2\/pages\/5559\/revisions\/5971\/"}],"wp:featuredmedia":[{"embeddable":true,"href":"https:\/\/jubainthemaking.com\/fr\/wp-json\/wp\/v2\/media\/5029\/"}],"wp:attachment":[{"href":"https:\/\/jubainthemaking.com\/fr\/wp-json\/wp\/v2\/media\/?parent=5559"}],"curies":[{"name":"wp","href":"https:\/\/api.w.org\/{rel}","templated":true}]}}