{"id":5548,"date":"2018-09-27T11:52:52","date_gmt":"2018-09-27T09:52:52","guid":{"rendered":"http:\/\/jubainthemaking.com\/new\/?page_id=5548"},"modified":"2019-10-11T16:55:02","modified_gmt":"2019-10-11T14:55:02","slug":"a-propos-de-juba-in-the-making","status":"publish","type":"page","link":"https:\/\/jubainthemaking.com\/fr\/a-propos-de-juba-in-the-making\/","title":{"rendered":"A Propos"},"content":{"rendered":"<div class=\"uk-child-width-1-2@m\">\n<div>\n<p>Juba In The Making (qu&rsquo;on pourrait traduire par \u00ab\u00a0Juba en cr\u00e9ation\u00a0\u00bb) est un projet documentaire \u00e0 propos de la vie, pass\u00e9e et contemporaine, dans la capitale du Soudan du Sud, un pays qui est devenu ind\u00e9pendant en 2011 apr\u00e8s des d\u00e9cennies de guerres civiles, et o\u00f9 un nouveau conflit a \u00e9clat\u00e9 en 2013 \u2013 quand nous venions juste de commencer de filmer notre premier \u00e9pisode. Interrompu par la crise, le projet a chang\u00e9 de perspective, pour prendre en compte la nouvelle r\u00e9alit\u00e9 d&rsquo;une capitale affect\u00e9e par la guerre et la crise \u00e9conomique (et qui n&rsquo;\u00e9tait plus en croissance, contrairement \u00e0 lorsque nous avions d\u00e9but\u00e9 le projet).<\/p>\n<p>&nbsp;<\/p>\n<p>Depuis, Juba In The Making a saisi l&rsquo;impact du conflit sur le d\u00e9veloppement de la ville et sur la vie de ses r\u00e9sidents, et suivi certains personnages dans leur lutte quotidienne pour gagner leur vie, pour \u00e9tudier, pour nourrir leurs enfants. Nous sommes heureux de pr\u00e9senter aussi des films qui documentent des moments heureux dans la vie r\u00e9cente de la ville, des \u00e9v\u00e9nements sportifs et culturels qui ont rassembl\u00e9 les citoyens autour de valeurs positives.<\/p>\n<p>&nbsp;<\/p>\n<p>La carte du projet permet une exploration de Juba lieu par lieu (station par station), et est une plate-forme ouverte aux commentaires et contributions ext\u00e9rieures (vous pouvez nous contacter par <a href=\"http:\/\/jubainthemaking.com\/fr\/contact\/\"><span style=\"color: #ffcc00;\">ici<\/span><\/a>). De nouveaux contenus et histoires vont \u00eatre ajout\u00e9s au site internet r\u00e9guli\u00e8rement.<\/p>\n<p>&nbsp;<\/p>\n<p>REMERCIEMENTS<\/p>\n<p>&nbsp;<\/p>\n<p>Nous voulons remercier nos 151 financeurs solidaires, dont le soutien a \u00e9t\u00e9 important pour continuer le projet malgr\u00e9 les difficult\u00e9s cr\u00e9\u00e9es par la guerre civile. Nous sommes aussi profond\u00e9ment reconnaissants aux membres de l&rsquo;\u00e9quipe qui dirige le programme Innovation in Development Reporting du Centre Europ\u00e9en du Journalisme, pour leur patience, leurs conseils et leur soutien continu malgr\u00e9 les multiples interruptions du projet.<\/p>\n<p>&nbsp;<\/p>\n<p>Il est impossible de nommer ici toutes les personnes qui nous ont aid\u00e9 d&rsquo;une fa\u00e7on ou d&rsquo;une autre, et auxquelles nous exprimons notre gratitude. Nous remercions les organisations amies et partenaires, nomm\u00e9ment le Rift Valley Institute, l&rsquo;Unesco South Sudan et Vistas, pour leur soutien \u00e0 certains des films pr\u00e9sent\u00e9s ici. Nous voulons aussi chaleureusement remercier toutes les personnes que nous avons interview\u00e9es, parmi lesquelles l&rsquo;ancien maire de Juba Stephen Wani, George Bureng, Pius Bureng, Robert Ladu, Venansio Muludiang, Yousef Onyalla, George Ghines, ainsi que les anciens et chefs de Juba qui ont partag\u00e9 avec nous leur connaissance de la ville\u00a0: Peter Cirilo, James Loro, Alphonse Legge, Severino Wani Swaka, Simon Soro. La r\u00e9alisatrice de Juba In The Making est seule responsable de toute erreur que pourraient contenir les pages de ce site.<\/p>\n<p>&nbsp;<\/p>\n<p>CREDITS<\/p>\n<p>&nbsp;<\/p>\n<p>Co-fondatrice, Auteure et R\u00e9alisatrice en charge du projet : Florence Miettaux<\/p>\n<p>Co-fondatrice et Auteure (2013-2014)\u00a0: Gabriela Jacomella<\/p>\n<p>Photographie : Silvano Yokwe, Rami Arshesh, Moses Friday<\/p>\n<p>Chercheuse et Auteure\u00a0: Loes Lijnders<\/p>\n<p>D\u00e9veloppement Web: Ensoul \u2013 Fulvio Romanin, Giulio Pecorella, Sebastiano Boem<\/p>\n<p>Traduction en italien: Claudia Gala<\/p>\n<p>Financ\u00e9 par le programme Innovation in Development Reporting (IDR) du Centre Europ\u00e9en du Journalisme, avec le soutien de 151 financeurs solidaires sur Ulule.<\/p>\n<p>Publi\u00e9 sur les sites internet de l&rsquo;Humanit\u00e9 en 2016, du Monde Afrique et d&rsquo;Internazionale en 2018.<\/p>\n<\/div>\n<\/div>\n<div class=\"us_pages_bottom\" style=\"margin-top:50px;margin-bottom:50px;\"><div class=\"us_wrapper us_share_buttons us_tac us_skin_minimal\" data-text=\"Juba in the Making\" data-url=\"http:\/\/jubainthemaking.com\/fr\/wp-json\/wp\/v2\/pages\/5548\" data-ajaxnetworks=\"facebook,linkedin\"><div class=\"us_facebook us_first us_button\"><a class=\"us_box\" href=\"#\"><div class=\"us_share\"><i class=\"us-icon-facebook\"><\/i><\/div><div class=\"us_count\"><\/div><\/a><\/div><div class=\"us_twitter us_no_count us_button\"><a class=\"us_box\" href=\"#\"><div class=\"us_share\"><i class=\"us-icon-twitter\"><\/i><\/div><\/a><\/div><div class=\"us_linkedin us_last us_button\"><a class=\"us_box\" href=\"#\"><div class=\"us_share\"><i class=\"us-icon-linkedin\"><\/i><\/div><div class=\"us_count\"><\/div><\/a><\/div><\/div><\/div>","protected":false},"excerpt":{"rendered":"<p>Juba In The Making (qu&rsquo;on pourrait traduire par \u00ab\u00a0Juba en cr\u00e9ation\u00a0\u00bb) est un projet documentaire \u00e0 propos de la vie, pass\u00e9e et contemporaine, dans la capitale du Soudan du Sud, un pays qui est devenu ind\u00e9pendant en 2011 apr\u00e8s des d\u00e9cennies de guerres civiles, et o\u00f9 un nouveau conflit a \u00e9clat\u00e9 en 2013 \u2013 quand &hellip; <a href=\"https:\/\/jubainthemaking.com\/fr\/a-propos-de-juba-in-the-making\/\">Continued<\/a><\/p>\n","protected":false},"author":5,"featured_media":0,"parent":0,"menu_order":0,"comment_status":"closed","ping_status":"closed","template":"","meta":{"_links_to":"","_links_to_target":""},"_links":{"self":[{"href":"https:\/\/jubainthemaking.com\/fr\/wp-json\/wp\/v2\/pages\/5548\/"}],"collection":[{"href":"https:\/\/jubainthemaking.com\/fr\/wp-json\/wp\/v2\/pages\/"}],"about":[{"href":"https:\/\/jubainthemaking.com\/fr\/wp-json\/wp\/v2\/types\/page\/"}],"author":[{"embeddable":true,"href":"https:\/\/jubainthemaking.com\/fr\/wp-json\/wp\/v2\/users\/5\/"}],"replies":[{"embeddable":true,"href":"https:\/\/jubainthemaking.com\/fr\/wp-json\/wp\/v2\/comments\/?post=5548"}],"version-history":[{"count":10,"href":"https:\/\/jubainthemaking.com\/fr\/wp-json\/wp\/v2\/pages\/5548\/revisions\/"}],"predecessor-version":[{"id":6567,"href":"https:\/\/jubainthemaking.com\/fr\/wp-json\/wp\/v2\/pages\/5548\/revisions\/6567\/"}],"wp:attachment":[{"href":"https:\/\/jubainthemaking.com\/fr\/wp-json\/wp\/v2\/media\/?parent=5548"}],"curies":[{"name":"wp","href":"https:\/\/api.w.org\/{rel}","templated":true}]}}