{"id":2122,"date":"2018-06-18T15:22:18","date_gmt":"2018-06-18T13:22:18","guid":{"rendered":"http:\/\/jubainthemaking.test\/new\/pont\/"},"modified":"2018-09-30T12:38:58","modified_gmt":"2018-09-30T10:38:58","slug":"juba-nile-bridge","status":"publish","type":"page","link":"https:\/\/jubainthemaking.com\/fr\/juba-nile-bridge\/","title":{"rendered":"Juba Nile Bridge"},"content":{"rendered":"<p>Construit peu apr\u00e8s l&rsquo;accord de paix de 1972, sous le r\u00e9gime de Jaafar Nimeiri, le pont du Nil de Juba (Juba Nile Bridge) mesure 252m de long, et est le seul pont sur le Nil Blanc au Soudan du Sud \u00e0 ce jour. Il \u00e9tait originellement compos\u00e9 de deux ponts Bailey de l&rsquo;\u00e9poque de la Seconde Guerre mondiale, qui ont \u00e9t\u00e9 remplac\u00e9s en 2006 par deux ponts Mabey Compact 200, chacun comportant une voie pi\u00e9tonne. L&rsquo;un des ponts a \u00e9t\u00e9 endommag\u00e9 par un bulldozer en 2010 et r\u00e9par\u00e9 en 2012. <span style=\"color: #ffcc00;\"><a style=\"color: #ffcc00;\" href=\"http:\/\/jubainthemaking.com\/fr\/freedom-bridge\/\">Un deuxi\u00e8me pont<\/a><\/span> sur le Nil Blanc \u00e0 Juba est en construction avec le soutien du gouvernement japonais depuis 2015, mais il n&rsquo;a pu \u00eatre compl\u00e9t\u00e9 \u00e0 cause de la guerre civile.<\/p>\n<p>&nbsp;<\/p>\n<p>Le Juba Nile Bridge a \u00e9t\u00e9 pris pour cible par la r\u00e9bellion du SPLA, avec au moins une tentative manqu\u00e9e de faire sauter l&rsquo;un de ses piliers dans les ann\u00e9es 1990.<\/p>\n<div class=\"us_pages_bottom\" style=\"margin-top:50px;margin-bottom:50px;\"><div class=\"us_wrapper us_share_buttons us_tac us_skin_minimal\" data-text=\"Juba in the Making\" data-url=\"http:\/\/jubainthemaking.com\/fr\/wp-json\/wp\/v2\/pages\/2122\" data-ajaxnetworks=\"facebook,linkedin\"><div class=\"us_facebook us_first us_button\"><a class=\"us_box\" href=\"#\"><div class=\"us_share\"><i class=\"us-icon-facebook\"><\/i><\/div><div class=\"us_count\"><\/div><\/a><\/div><div class=\"us_twitter us_no_count us_button\"><a class=\"us_box\" href=\"#\"><div class=\"us_share\"><i class=\"us-icon-twitter\"><\/i><\/div><\/a><\/div><div class=\"us_linkedin us_last us_button\"><a class=\"us_box\" href=\"#\"><div class=\"us_share\"><i class=\"us-icon-linkedin\"><\/i><\/div><div class=\"us_count\"><\/div><\/a><\/div><\/div><\/div>","protected":false},"excerpt":{"rendered":"<p>Construit peu apr\u00e8s l&rsquo;accord de paix de 1972, sous le r\u00e9gime de Jaafar Nimeiri, le pont du Nil de Juba (Juba Nile Bridge) mesure 252m de long, et est le seul pont sur le Nil Blanc au Soudan du Sud \u00e0 ce jour. Il \u00e9tait originellement compos\u00e9 de deux ponts Bailey de l&rsquo;\u00e9poque de la &hellip; <a href=\"https:\/\/jubainthemaking.com\/fr\/juba-nile-bridge\/\">Continued<\/a><\/p>\n","protected":false},"author":5,"featured_media":4703,"parent":0,"menu_order":0,"comment_status":"closed","ping_status":"closed","template":"template-landing-station.php","meta":{"_links_to":"","_links_to_target":""},"_links":{"self":[{"href":"https:\/\/jubainthemaking.com\/fr\/wp-json\/wp\/v2\/pages\/2122\/"}],"collection":[{"href":"https:\/\/jubainthemaking.com\/fr\/wp-json\/wp\/v2\/pages\/"}],"about":[{"href":"https:\/\/jubainthemaking.com\/fr\/wp-json\/wp\/v2\/types\/page\/"}],"author":[{"embeddable":true,"href":"https:\/\/jubainthemaking.com\/fr\/wp-json\/wp\/v2\/users\/5\/"}],"replies":[{"embeddable":true,"href":"https:\/\/jubainthemaking.com\/fr\/wp-json\/wp\/v2\/comments\/?post=2122"}],"version-history":[{"count":11,"href":"https:\/\/jubainthemaking.com\/fr\/wp-json\/wp\/v2\/pages\/2122\/revisions\/"}],"predecessor-version":[{"id":6017,"href":"https:\/\/jubainthemaking.com\/fr\/wp-json\/wp\/v2\/pages\/2122\/revisions\/6017\/"}],"wp:featuredmedia":[{"embeddable":true,"href":"https:\/\/jubainthemaking.com\/fr\/wp-json\/wp\/v2\/media\/4703\/"}],"wp:attachment":[{"href":"https:\/\/jubainthemaking.com\/fr\/wp-json\/wp\/v2\/media\/?parent=2122"}],"curies":[{"name":"wp","href":"https:\/\/api.w.org\/{rel}","templated":true}]}}